{"id":21091,"date":"2023-03-21T09:21:41","date_gmt":"2023-03-21T09:21:41","guid":{"rendered":"https:\/\/toolhub.es\/producto\/ventosas-p-sujetar-ventanillas-2-pares\/"},"modified":"2024-12-26T09:40:30","modified_gmt":"2024-12-26T09:40:30","slug":"ventosas-p-sujetar-ventanillas-2-pares","status":"publish","type":"product","link":"https:\/\/toolhub.es\/es\/producto\/ventosas-p-sujetar-ventanillas-2-pares\/","title":{"rendered":"VENTOSAS P\/ SUJETAR VENTANILLAS &#8211; 2 PARES"},"content":{"rendered":"","protected":false},"excerpt":{"rendered":"<p><strong>Descripci\u00f3n:<\/strong><br \/>\nDise\u00f1ado para mantener las ventanas laterales en la posici\u00f3n cerrada mientras se trabaja en el mecanismo de la ventana, unido a trav\u00e9s de fuertes cables de acero recubiertos de pl\u00e1stico los cuales son flexibles.<br \/>\n[supsystic-tables id=510]<\/p>\n","protected":false},"featured_media":25620,"template":"","meta":[],"product_cat":[280],"product_tag":[],"acf":[],"aioseo_notices":[],"_links":{"self":[{"href":"https:\/\/toolhub.es\/es\/wp-json\/wp\/v2\/product\/21091"}],"collection":[{"href":"https:\/\/toolhub.es\/es\/wp-json\/wp\/v2\/product"}],"about":[{"href":"https:\/\/toolhub.es\/es\/wp-json\/wp\/v2\/types\/product"}],"wp:featuredmedia":[{"embeddable":true,"href":"https:\/\/toolhub.es\/es\/wp-json\/wp\/v2\/media\/25620"}],"wp:attachment":[{"href":"https:\/\/toolhub.es\/es\/wp-json\/wp\/v2\/media?parent=21091"}],"wp:term":[{"taxonomy":"product_cat","embeddable":true,"href":"https:\/\/toolhub.es\/es\/wp-json\/wp\/v2\/product_cat?post=21091"},{"taxonomy":"product_tag","embeddable":true,"href":"https:\/\/toolhub.es\/es\/wp-json\/wp\/v2\/product_tag?post=21091"}],"curies":[{"name":"wp","href":"https:\/\/api.w.org\/{rel}","templated":true}]}}