{"id":21102,"date":"2023-03-21T09:21:41","date_gmt":"2023-03-21T09:21:41","guid":{"rendered":"https:\/\/toolhub.es\/producto\/juego-de-palancas-de-nylon-para-paneles-y-molduras-12pzs\/"},"modified":"2024-12-26T09:40:49","modified_gmt":"2024-12-26T09:40:49","slug":"juego-de-palancas-de-nylon-para-paneles-y-molduras-12pzs","status":"publish","type":"product","link":"https:\/\/toolhub.es\/es\/producto\/juego-de-palancas-de-nylon-para-paneles-y-molduras-12pzs\/","title":{"rendered":"JUEGO DE PALANCAS DE NYLON PARA PANELES Y MOLDURAS &#8211; 12PZS"},"content":{"rendered":"","protected":false},"excerpt":{"rendered":"<p><strong>Descripci\u00f3n:<\/strong><br \/>\nJuego profesional de 12 herramientas para desmontar de manera f\u00e1cil y c\u00f3moda piezas del interior de autom\u00f3vil, como: elementos del panel de controles, paneles de puertas, molduras, tapas decorativas, etc.<\/p>\n<p>Las herramientas, estan hechas del poliuretano, permiten remover paneles de pl\u00e1stico sin rayar ni da\u00f1ar superficies pintadas, de cuero, cromadas, etc.<\/p>\n<p>Sirve para todas las marcas y modelos de coches.<br \/>\n[supsystic-tables id=508]<\/p>\n","protected":false},"featured_media":25631,"template":"","meta":[],"product_cat":[280],"product_tag":[],"acf":[],"aioseo_notices":[],"_links":{"self":[{"href":"https:\/\/toolhub.es\/es\/wp-json\/wp\/v2\/product\/21102"}],"collection":[{"href":"https:\/\/toolhub.es\/es\/wp-json\/wp\/v2\/product"}],"about":[{"href":"https:\/\/toolhub.es\/es\/wp-json\/wp\/v2\/types\/product"}],"wp:featuredmedia":[{"embeddable":true,"href":"https:\/\/toolhub.es\/es\/wp-json\/wp\/v2\/media\/25631"}],"wp:attachment":[{"href":"https:\/\/toolhub.es\/es\/wp-json\/wp\/v2\/media?parent=21102"}],"wp:term":[{"taxonomy":"product_cat","embeddable":true,"href":"https:\/\/toolhub.es\/es\/wp-json\/wp\/v2\/product_cat?post=21102"},{"taxonomy":"product_tag","embeddable":true,"href":"https:\/\/toolhub.es\/es\/wp-json\/wp\/v2\/product_tag?post=21102"}],"curies":[{"name":"wp","href":"https:\/\/api.w.org\/{rel}","templated":true}]}}