{"id":21119,"date":"2023-03-21T09:22:00","date_gmt":"2023-03-21T09:22:00","guid":{"rendered":"https:\/\/toolhub.es\/producto\/placa-para-detecar-abolladuras-de-chapa\/"},"modified":"2024-12-26T09:41:14","modified_gmt":"2024-12-26T09:41:14","slug":"placa-para-detecar-abolladuras-de-chapa","status":"publish","type":"product","link":"https:\/\/toolhub.es\/es\/producto\/placa-para-detecar-abolladuras-de-chapa\/","title":{"rendered":"PLACA PARA DETECAR ABOLLADURAS DE CHAPA"},"content":{"rendered":"","protected":false},"excerpt":{"rendered":"<p><strong>Descripci\u00f3n:<\/strong><br \/>\nPantalla para detectar abolladuras de chapa.<br \/>\nDetector de abolladuras para carrocero, comprueba y localiza la existencia de abolladuras c\u00f3ncavas y convexas,peque\u00f1as abolladuras e incluso peque\u00f1os despuntes en chapa de color oscuro y claro en todo tipo de veh\u00edculos. <\/p>\n<p>Comprobaci\u00f3n f\u00e1cil para acabados impecables. La herramienta incluye soporte articulado de sujeci\u00f3n y pantalla reflectora lineal que posibilitan un control exhaustivo de la superficie de la carrocer\u00eda y comprobaci\u00f3n de existencia de abolladuras.<br \/>\nImprescindible para uso profesional en talleres de carrocer\u00eda.<\/p>\n","protected":false},"featured_media":25647,"template":"","meta":[],"product_cat":[280],"product_tag":[],"acf":[],"aioseo_notices":[],"_links":{"self":[{"href":"https:\/\/toolhub.es\/es\/wp-json\/wp\/v2\/product\/21119"}],"collection":[{"href":"https:\/\/toolhub.es\/es\/wp-json\/wp\/v2\/product"}],"about":[{"href":"https:\/\/toolhub.es\/es\/wp-json\/wp\/v2\/types\/product"}],"wp:featuredmedia":[{"embeddable":true,"href":"https:\/\/toolhub.es\/es\/wp-json\/wp\/v2\/media\/25647"}],"wp:attachment":[{"href":"https:\/\/toolhub.es\/es\/wp-json\/wp\/v2\/media?parent=21119"}],"wp:term":[{"taxonomy":"product_cat","embeddable":true,"href":"https:\/\/toolhub.es\/es\/wp-json\/wp\/v2\/product_cat?post=21119"},{"taxonomy":"product_tag","embeddable":true,"href":"https:\/\/toolhub.es\/es\/wp-json\/wp\/v2\/product_tag?post=21119"}],"curies":[{"name":"wp","href":"https:\/\/api.w.org\/{rel}","templated":true}]}}