{"id":21120,"date":"2023-03-21T09:22:00","date_gmt":"2023-03-21T09:22:00","guid":{"rendered":"https:\/\/toolhub.es\/producto\/llave-para-regulacion-de-luces-mercedes\/"},"modified":"2024-12-26T09:41:15","modified_gmt":"2024-12-26T09:41:15","slug":"llave-para-regulacion-de-luces-mercedes","status":"publish","type":"product","link":"https:\/\/toolhub.es\/es\/producto\/llave-para-regulacion-de-luces-mercedes\/","title":{"rendered":"LLAVE PARA REGULACI?N DE LUCES MERCEDES"},"content":{"rendered":"","protected":false},"excerpt":{"rendered":"<p><strong>Descripci\u00f3n:<\/strong><br \/>\nPara ajustar los faros delanteros o el espacio libre de los parachoques y el cap\u00f3, despu\u00e9s de reparaciones de carrocer\u00eda o reemplazo de faros en MERCEDES-BENZ 205 C a partir del a\u00f1o de construcci\u00f3n 2014.<\/p>\n<p>La herramienta es especialmente adecuada para \u00e1reas con acceso muy restringido.<\/p>\n<p>\u00d8 Interior 14 mm<br \/>\nLargo 195 mm<br \/>\nCuadrado 3\/8&#8243;<\/p>\n","protected":false},"featured_media":25648,"template":"","meta":[],"product_cat":[280],"product_tag":[],"acf":[],"aioseo_notices":[],"_links":{"self":[{"href":"https:\/\/toolhub.es\/es\/wp-json\/wp\/v2\/product\/21120"}],"collection":[{"href":"https:\/\/toolhub.es\/es\/wp-json\/wp\/v2\/product"}],"about":[{"href":"https:\/\/toolhub.es\/es\/wp-json\/wp\/v2\/types\/product"}],"wp:featuredmedia":[{"embeddable":true,"href":"https:\/\/toolhub.es\/es\/wp-json\/wp\/v2\/media\/25648"}],"wp:attachment":[{"href":"https:\/\/toolhub.es\/es\/wp-json\/wp\/v2\/media?parent=21120"}],"wp:term":[{"taxonomy":"product_cat","embeddable":true,"href":"https:\/\/toolhub.es\/es\/wp-json\/wp\/v2\/product_cat?post=21120"},{"taxonomy":"product_tag","embeddable":true,"href":"https:\/\/toolhub.es\/es\/wp-json\/wp\/v2\/product_tag?post=21120"}],"curies":[{"name":"wp","href":"https:\/\/api.w.org\/{rel}","templated":true}]}}