{"id":21134,"date":"2023-03-21T09:22:26","date_gmt":"2023-03-21T09:22:26","guid":{"rendered":"https:\/\/toolhub.es\/producto\/mm23048-01-pasador-bloqueo-ciguenal-bmw\/"},"modified":"2024-12-26T09:41:34","modified_gmt":"2024-12-26T09:41:34","slug":"mm23048-01-pasador-bloqueo-ciguenal-bmw","status":"publish","type":"product","link":"https:\/\/toolhub.es\/es\/producto\/mm23048-01-pasador-bloqueo-ciguenal-bmw\/","title":{"rendered":"MM23048-01\/\/ PASADOR BLOQUEO CIGUE?AL BMW"},"content":{"rendered":"","protected":false},"excerpt":{"rendered":"<p><strong>Descripci\u00f3n:<\/strong><br \/>\nUtilizado para bloquear el cig\u00fce\u00f1al en la posici\u00f3n TDC mientras se realiza el trabajo de servicio relacionada con la sincronizaci\u00f3n del motor.<\/p>\n<ul>\n<li>Para M21, M40, M41, M42, M43, M43TU, M44, M47, M47TU, M50, M51, M52, M52TU, M54, M56, motores M57, M57TU, M60, M62, M62TU, M70, M73, S50B30, S50B32, S54 y S62.<\/li>\n<\/ul>\n","protected":false},"featured_media":25662,"template":"","meta":[],"product_cat":[278],"product_tag":[],"acf":[],"aioseo_notices":[],"_links":{"self":[{"href":"https:\/\/toolhub.es\/es\/wp-json\/wp\/v2\/product\/21134"}],"collection":[{"href":"https:\/\/toolhub.es\/es\/wp-json\/wp\/v2\/product"}],"about":[{"href":"https:\/\/toolhub.es\/es\/wp-json\/wp\/v2\/types\/product"}],"wp:featuredmedia":[{"embeddable":true,"href":"https:\/\/toolhub.es\/es\/wp-json\/wp\/v2\/media\/25662"}],"wp:attachment":[{"href":"https:\/\/toolhub.es\/es\/wp-json\/wp\/v2\/media?parent=21134"}],"wp:term":[{"taxonomy":"product_cat","embeddable":true,"href":"https:\/\/toolhub.es\/es\/wp-json\/wp\/v2\/product_cat?post=21134"},{"taxonomy":"product_tag","embeddable":true,"href":"https:\/\/toolhub.es\/es\/wp-json\/wp\/v2\/product_tag?post=21134"}],"curies":[{"name":"wp","href":"https:\/\/api.w.org\/{rel}","templated":true}]}}