{"id":21142,"date":"2023-03-21T09:22:26","date_gmt":"2023-03-21T09:22:26","guid":{"rendered":"https:\/\/toolhub.es\/producto\/reglaje-motores-peugeot-citroen-1-0-1-2-vti\/"},"modified":"2024-12-26T09:41:48","modified_gmt":"2024-12-26T09:41:48","slug":"reglaje-motores-peugeot-citroen-1-0-1-2-vti","status":"publish","type":"product","link":"https:\/\/toolhub.es\/es\/producto\/reglaje-motores-peugeot-citroen-1-0-1-2-vti\/","title":{"rendered":"REGLAJE MOTORES PEUGEOT \/ CITROEN 1.0 \/ 1.2 VTI"},"content":{"rendered":"","protected":false},"excerpt":{"rendered":"<p><strong>Descripci\u00f3n:<\/strong><br \/>\nConjunto de reglaje que permite bloquear el \u00e1rbol de levas y cig\u00fce\u00f1al para los motores EB0 y EB2 de 3 cilindros del grupo PSA<\/p>\n","protected":false},"featured_media":25670,"template":"","meta":[],"product_cat":[278],"product_tag":[],"acf":[],"aioseo_notices":[],"_links":{"self":[{"href":"https:\/\/toolhub.es\/es\/wp-json\/wp\/v2\/product\/21142"}],"collection":[{"href":"https:\/\/toolhub.es\/es\/wp-json\/wp\/v2\/product"}],"about":[{"href":"https:\/\/toolhub.es\/es\/wp-json\/wp\/v2\/types\/product"}],"wp:featuredmedia":[{"embeddable":true,"href":"https:\/\/toolhub.es\/es\/wp-json\/wp\/v2\/media\/25670"}],"wp:attachment":[{"href":"https:\/\/toolhub.es\/es\/wp-json\/wp\/v2\/media?parent=21142"}],"wp:term":[{"taxonomy":"product_cat","embeddable":true,"href":"https:\/\/toolhub.es\/es\/wp-json\/wp\/v2\/product_cat?post=21142"},{"taxonomy":"product_tag","embeddable":true,"href":"https:\/\/toolhub.es\/es\/wp-json\/wp\/v2\/product_tag?post=21142"}],"curies":[{"name":"wp","href":"https:\/\/api.w.org\/{rel}","templated":true}]}}