{"id":21173,"date":"2023-03-21T09:23:10","date_gmt":"2023-03-21T09:23:10","guid":{"rendered":"https:\/\/toolhub.es\/producto\/juego-de-llaves-para-desconexion-de-tubos-de-a-a-vag\/"},"modified":"2024-12-26T09:42:27","modified_gmt":"2024-12-26T09:42:27","slug":"juego-de-llaves-para-desconexion-de-tubos-de-a-a-vag","status":"publish","type":"product","link":"https:\/\/toolhub.es\/es\/producto\/juego-de-llaves-para-desconexion-de-tubos-de-a-a-vag\/","title":{"rendered":"JUEGO DE LLAVES PARA DESCONEXI?N DE TUBOS DE A\/A, VAG"},"content":{"rendered":"","protected":false},"excerpt":{"rendered":"<p><strong>Descripci\u00f3n<\/strong><\/p>\n<ul>\n<li>Adecuado para realizar una desconexi\u00f3n r\u00e1pida de las mangueras de aire acondicionado del grupo VAG que llevan conectores r\u00e1pidos.<\/li>\n<li>Se ajustan al tama\u00f1o de la manguera y empuja la uni\u00f3n entre las dos partesfacilitando la desconexi\u00f3n.<\/li>\n<li><strong>Compatible:<\/strong>Audi &#8211; A3 2004> ; A4 2001> ; 2008> ; A5 2008> ; Q5 2008> ; TT 2007>Seat &#8211; Ibiza \/ Cordoba 93 ; Ibiza \/ Cordoba 99 ; Ibiza 02 \/ Cordoba 03 ; Ibiza 2008 ; Leon 2006 ; Leon 2009 ; Toledo \/ Leon 99 Toledo 2005 ; Alhambra ; Alhambra 2011 ; Altea 2005 ; Altea 2009 ; AlteaXL 2007 ; AlteaXL 2009 ; AlteaFreetrack 2007 AlteaFreetrack 2009 ; Exeo 2009 ; Arosa ; Inca.<\/li>\n<\/ul>\n","protected":false},"featured_media":25700,"template":"","meta":[],"product_cat":[231],"product_tag":[],"acf":[],"aioseo_notices":[],"_links":{"self":[{"href":"https:\/\/toolhub.es\/es\/wp-json\/wp\/v2\/product\/21173"}],"collection":[{"href":"https:\/\/toolhub.es\/es\/wp-json\/wp\/v2\/product"}],"about":[{"href":"https:\/\/toolhub.es\/es\/wp-json\/wp\/v2\/types\/product"}],"wp:featuredmedia":[{"embeddable":true,"href":"https:\/\/toolhub.es\/es\/wp-json\/wp\/v2\/media\/25700"}],"wp:attachment":[{"href":"https:\/\/toolhub.es\/es\/wp-json\/wp\/v2\/media?parent=21173"}],"wp:term":[{"taxonomy":"product_cat","embeddable":true,"href":"https:\/\/toolhub.es\/es\/wp-json\/wp\/v2\/product_cat?post=21173"},{"taxonomy":"product_tag","embeddable":true,"href":"https:\/\/toolhub.es\/es\/wp-json\/wp\/v2\/product_tag?post=21173"}],"curies":[{"name":"wp","href":"https:\/\/api.w.org\/{rel}","templated":true}]}}