{"id":21197,"date":"2023-03-21T09:23:28","date_gmt":"2023-03-21T09:23:28","guid":{"rendered":"https:\/\/toolhub.es\/producto\/conjunto-para-rellenar-cicruito-de-refrigeracion\/"},"modified":"2024-12-26T09:42:55","modified_gmt":"2024-12-26T09:42:55","slug":"conjunto-para-rellenar-cicruito-de-refrigeracion","status":"publish","type":"product","link":"https:\/\/toolhub.es\/es\/producto\/conjunto-para-rellenar-cicruito-de-refrigeracion\/","title":{"rendered":"CONJUNTO PARA RELLENAR CICRUITO DE REFRIGERACION"},"content":{"rendered":"","protected":false},"excerpt":{"rendered":"<p><strong>Descripci\u00f3n<\/strong><\/p>\n<ul>\n<li>Permite purgar r\u00e1pidamente el aire atrapado en el sistema de enfriamiento y as\u00ed evitar sobrecalentamiento.<\/li>\n<li>Permite la prueba de fugas en el sistema de refrigeraci\u00f3n.<\/li>\n<li>Cuerpo de caucho Universal, m\u00e1s cuatro adaptadores adicionales que cubren la mayor\u00eda de los radiadores de veh\u00edculos.<\/li>\n<li><strong>Peso:<\/strong> 1,6 kg.<\/li>\n<li>Incluye 6 piezas.<\/li>\n<li><strong>Dimensiones:<\/strong> 135x103x230mm.<\/li>\n<\/ul>\n","protected":false},"featured_media":25724,"template":"","meta":[],"product_cat":[259],"product_tag":[],"acf":[],"aioseo_notices":[],"_links":{"self":[{"href":"https:\/\/toolhub.es\/es\/wp-json\/wp\/v2\/product\/21197"}],"collection":[{"href":"https:\/\/toolhub.es\/es\/wp-json\/wp\/v2\/product"}],"about":[{"href":"https:\/\/toolhub.es\/es\/wp-json\/wp\/v2\/types\/product"}],"wp:featuredmedia":[{"embeddable":true,"href":"https:\/\/toolhub.es\/es\/wp-json\/wp\/v2\/media\/25724"}],"wp:attachment":[{"href":"https:\/\/toolhub.es\/es\/wp-json\/wp\/v2\/media?parent=21197"}],"wp:term":[{"taxonomy":"product_cat","embeddable":true,"href":"https:\/\/toolhub.es\/es\/wp-json\/wp\/v2\/product_cat?post=21197"},{"taxonomy":"product_tag","embeddable":true,"href":"https:\/\/toolhub.es\/es\/wp-json\/wp\/v2\/product_tag?post=21197"}],"curies":[{"name":"wp","href":"https:\/\/api.w.org\/{rel}","templated":true}]}}