{"id":21249,"date":"2023-03-21T09:24:22","date_gmt":"2023-03-21T09:24:22","guid":{"rendered":"https:\/\/toolhub.es\/producto\/comprobador-universal-de-radiadores\/"},"modified":"2024-12-26T09:44:07","modified_gmt":"2024-12-26T09:44:07","slug":"comprobador-universal-de-radiadores","status":"publish","type":"product","link":"https:\/\/toolhub.es\/es\/producto\/comprobador-universal-de-radiadores\/","title":{"rendered":"COMPROBADOR UNIVERSAL DE RADIADORES"},"content":{"rendered":"","protected":false},"excerpt":{"rendered":"<p><strong>Descripci\u00f3n<\/strong><br \/>\nEl cuerpo de goma de los adaptadores permite la \u00fatilizaci\u00f3n en la mayor\u00eda de los sistemas de refrigeraci\u00f3n de la industria automotriz.<br \/>\nEl usuario puede realizar diagn\u00f3sticos de pruebas de presi\u00f3n y sistema de refrigeraci\u00f3n de forma simult\u00e1nea.<br \/>\n0-35 psi.<\/p>\n<p><strong>Incluye <\/strong>malet\u00edn para su transporte.<\/p>\n<p><strong>Medidas<\/strong><br \/>\n17~24mm.<br \/>\n28~31,5mm.<br \/>\n37~39,5mm.<br \/>\n47~48,5mm.<\/p>\n","protected":false},"featured_media":25772,"template":"","meta":[],"product_cat":[259],"product_tag":[],"acf":[],"aioseo_notices":[],"_links":{"self":[{"href":"https:\/\/toolhub.es\/es\/wp-json\/wp\/v2\/product\/21249"}],"collection":[{"href":"https:\/\/toolhub.es\/es\/wp-json\/wp\/v2\/product"}],"about":[{"href":"https:\/\/toolhub.es\/es\/wp-json\/wp\/v2\/types\/product"}],"wp:featuredmedia":[{"embeddable":true,"href":"https:\/\/toolhub.es\/es\/wp-json\/wp\/v2\/media\/25772"}],"wp:attachment":[{"href":"https:\/\/toolhub.es\/es\/wp-json\/wp\/v2\/media?parent=21249"}],"wp:term":[{"taxonomy":"product_cat","embeddable":true,"href":"https:\/\/toolhub.es\/es\/wp-json\/wp\/v2\/product_cat?post=21249"},{"taxonomy":"product_tag","embeddable":true,"href":"https:\/\/toolhub.es\/es\/wp-json\/wp\/v2\/product_tag?post=21249"}],"curies":[{"name":"wp","href":"https:\/\/api.w.org\/{rel}","templated":true}]}}