{"id":21262,"date":"2023-03-21T09:24:22","date_gmt":"2023-03-21T09:24:22","guid":{"rendered":"https:\/\/toolhub.es\/producto\/comprobador-digital-de-presion-de-neumaticos\/"},"modified":"2024-12-26T09:44:24","modified_gmt":"2024-12-26T09:44:24","slug":"comprobador-digital-de-presion-de-neumaticos","status":"publish","type":"product","link":"https:\/\/toolhub.es\/es\/producto\/comprobador-digital-de-presion-de-neumaticos\/","title":{"rendered":"COMPROBADOR DIGITAL DE PRESION DE NEUMATICOS"},"content":{"rendered":"","protected":false},"excerpt":{"rendered":"<p><strong>Descripci\u00f3n<\/strong><br \/>\nIndicador de presi\u00f3n de neum\u00e1ticos digital, proporciona una lectura precisa. Pantalla LCD digital de la alimentaci\u00f3n autom\u00e1tica.<\/p>\n<ul>\n<li>Rango de medici\u00f3n: 0.35 &#8211; 7.00 BAR<\/li>\n<li><strong>Tipos de lectura:<\/strong> BAR, PSI, kPA y kg\/CM3<\/li>\n<li><strong>Tolerancia:<\/strong>  \/- 1psi \/ 0,07 BAR<\/li>\n<\/ul>\n","protected":false},"featured_media":25785,"template":"","meta":[],"product_cat":[276],"product_tag":[],"acf":[],"aioseo_notices":[],"_links":{"self":[{"href":"https:\/\/toolhub.es\/es\/wp-json\/wp\/v2\/product\/21262"}],"collection":[{"href":"https:\/\/toolhub.es\/es\/wp-json\/wp\/v2\/product"}],"about":[{"href":"https:\/\/toolhub.es\/es\/wp-json\/wp\/v2\/types\/product"}],"wp:featuredmedia":[{"embeddable":true,"href":"https:\/\/toolhub.es\/es\/wp-json\/wp\/v2\/media\/25785"}],"wp:attachment":[{"href":"https:\/\/toolhub.es\/es\/wp-json\/wp\/v2\/media?parent=21262"}],"wp:term":[{"taxonomy":"product_cat","embeddable":true,"href":"https:\/\/toolhub.es\/es\/wp-json\/wp\/v2\/product_cat?post=21262"},{"taxonomy":"product_tag","embeddable":true,"href":"https:\/\/toolhub.es\/es\/wp-json\/wp\/v2\/product_tag?post=21262"}],"curies":[{"name":"wp","href":"https:\/\/api.w.org\/{rel}","templated":true}]}}