{"id":21327,"date":"2023-03-21T09:25:52","date_gmt":"2023-03-21T09:25:52","guid":{"rendered":"https:\/\/toolhub.es\/producto\/hot-stapler-soldadura-de-superficies-plasticas-300-grapas\/"},"modified":"2024-12-26T09:45:46","modified_gmt":"2024-12-26T09:45:46","slug":"hot-stapler-soldadura-de-superficies-plasticas-300-grapas","status":"publish","type":"product","link":"https:\/\/toolhub.es\/es\/producto\/hot-stapler-soldadura-de-superficies-plasticas-300-grapas\/","title":{"rendered":"HOT STAPLER &#8211; SOLDADURA DE SUPERFICIES PLASTICAS + 300 GRAPAS"},"content":{"rendered":"","protected":false},"excerpt":{"rendered":"<p><strong>Descripci\u00f3n<\/strong><br \/>\nCon este equipo se consigue una reparaci\u00f3n fuerte, con un m\u00e9todo f\u00e1cil, r\u00e1pido y eficaz. Se \u00fatiliza en cualquier pl\u00e1stico, sin necesidad de identificar su tipo, como paragolpes, faros, rejillas, etc.<\/p>\n[supsystic-tables id=489]\n","protected":false},"featured_media":25847,"template":"","meta":[],"product_cat":[280],"product_tag":[],"acf":[],"aioseo_notices":[],"_links":{"self":[{"href":"https:\/\/toolhub.es\/es\/wp-json\/wp\/v2\/product\/21327"}],"collection":[{"href":"https:\/\/toolhub.es\/es\/wp-json\/wp\/v2\/product"}],"about":[{"href":"https:\/\/toolhub.es\/es\/wp-json\/wp\/v2\/types\/product"}],"wp:featuredmedia":[{"embeddable":true,"href":"https:\/\/toolhub.es\/es\/wp-json\/wp\/v2\/media\/25847"}],"wp:attachment":[{"href":"https:\/\/toolhub.es\/es\/wp-json\/wp\/v2\/media?parent=21327"}],"wp:term":[{"taxonomy":"product_cat","embeddable":true,"href":"https:\/\/toolhub.es\/es\/wp-json\/wp\/v2\/product_cat?post=21327"},{"taxonomy":"product_tag","embeddable":true,"href":"https:\/\/toolhub.es\/es\/wp-json\/wp\/v2\/product_tag?post=21327"}],"curies":[{"name":"wp","href":"https:\/\/api.w.org\/{rel}","templated":true}]}}