{"id":21331,"date":"2023-03-21T09:25:52","date_gmt":"2023-03-21T09:25:52","guid":{"rendered":"https:\/\/toolhub.es\/producto\/juego-de-cepillos-de-alambre-38-pzas\/"},"modified":"2024-12-26T09:45:50","modified_gmt":"2024-12-26T09:45:50","slug":"juego-de-cepillos-de-alambre-38-pzas","status":"publish","type":"product","link":"https:\/\/toolhub.es\/es\/producto\/juego-de-cepillos-de-alambre-38-pzas\/","title":{"rendered":"JUEGO DE CEPILLOS DE ALAMBRE 38 PZAS"},"content":{"rendered":"","protected":false},"excerpt":{"rendered":"<p><strong>Descripci\u00f3n<\/strong><br \/>\nJuego de cepillos de limpieza de varios di\u00e1metros y materiales. 35,00.<br \/>\nSe puede \u00fatilizar con taladro el\u00e9ctrico, bater\u00eda o neum\u00e1tico.<\/p>\n<p><strong>Incluye:<\/strong><br \/>\nMango de destornillador y Alargadera de 150mm<\/p>\n[supsystic-tables id=113]\n","protected":false},"featured_media":25851,"template":"","meta":[],"product_cat":[277],"product_tag":[],"acf":[],"aioseo_notices":[],"_links":{"self":[{"href":"https:\/\/toolhub.es\/es\/wp-json\/wp\/v2\/product\/21331"}],"collection":[{"href":"https:\/\/toolhub.es\/es\/wp-json\/wp\/v2\/product"}],"about":[{"href":"https:\/\/toolhub.es\/es\/wp-json\/wp\/v2\/types\/product"}],"wp:featuredmedia":[{"embeddable":true,"href":"https:\/\/toolhub.es\/es\/wp-json\/wp\/v2\/media\/25851"}],"wp:attachment":[{"href":"https:\/\/toolhub.es\/es\/wp-json\/wp\/v2\/media?parent=21331"}],"wp:term":[{"taxonomy":"product_cat","embeddable":true,"href":"https:\/\/toolhub.es\/es\/wp-json\/wp\/v2\/product_cat?post=21331"},{"taxonomy":"product_tag","embeddable":true,"href":"https:\/\/toolhub.es\/es\/wp-json\/wp\/v2\/product_tag?post=21331"}],"curies":[{"name":"wp","href":"https:\/\/api.w.org\/{rel}","templated":true}]}}