{"id":21332,"date":"2023-03-21T09:25:52","date_gmt":"2023-03-21T09:25:52","guid":{"rendered":"https:\/\/toolhub.es\/producto\/llaves-de-carraca-abierta-6-piezas\/"},"modified":"2024-12-26T09:45:51","modified_gmt":"2024-12-26T09:45:51","slug":"llaves-de-carraca-abierta-6-piezas","status":"publish","type":"product","link":"https:\/\/toolhub.es\/es\/producto\/llaves-de-carraca-abierta-6-piezas\/","title":{"rendered":"LLAVES DE CARRACA ABIERTA 6 PIEZAS"},"content":{"rendered":"","protected":false},"excerpt":{"rendered":"<p><strong>Descripci\u00f3n<\/strong><br \/>\nJuego de llaves de carraca abierta de calidad profesional, especialmente dise\u00f1adas para un funcionamiento r\u00e1pido en tuber\u00edas hidr\u00e1ulicas, de inyecci\u00f3n, aire comprimido y tuber\u00edas de freno<\/p>\n<p><strong>Medidas:<\/strong><br \/>\n10mm, 11mm, 13mm, 17mm, 19mm, 22mm<\/p>\n","protected":false},"featured_media":25852,"template":"","meta":[],"product_cat":[231],"product_tag":[],"acf":[],"aioseo_notices":[],"_links":{"self":[{"href":"https:\/\/toolhub.es\/es\/wp-json\/wp\/v2\/product\/21332"}],"collection":[{"href":"https:\/\/toolhub.es\/es\/wp-json\/wp\/v2\/product"}],"about":[{"href":"https:\/\/toolhub.es\/es\/wp-json\/wp\/v2\/types\/product"}],"wp:featuredmedia":[{"embeddable":true,"href":"https:\/\/toolhub.es\/es\/wp-json\/wp\/v2\/media\/25852"}],"wp:attachment":[{"href":"https:\/\/toolhub.es\/es\/wp-json\/wp\/v2\/media?parent=21332"}],"wp:term":[{"taxonomy":"product_cat","embeddable":true,"href":"https:\/\/toolhub.es\/es\/wp-json\/wp\/v2\/product_cat?post=21332"},{"taxonomy":"product_tag","embeddable":true,"href":"https:\/\/toolhub.es\/es\/wp-json\/wp\/v2\/product_tag?post=21332"}],"curies":[{"name":"wp","href":"https:\/\/api.w.org\/{rel}","templated":true}]}}