{"id":21469,"date":"2023-03-21T09:28:17","date_gmt":"2023-03-21T09:28:17","guid":{"rendered":"https:\/\/toolhub.es\/producto\/conjunto-para-medir-presion-de-inyeccion-gasolina\/"},"modified":"2024-12-26T09:48:44","modified_gmt":"2024-12-26T09:48:44","slug":"conjunto-para-medir-presion-de-inyeccion-gasolina","status":"publish","type":"product","link":"https:\/\/toolhub.es\/es\/producto\/conjunto-para-medir-presion-de-inyeccion-gasolina\/","title":{"rendered":"CONJUNTO PARA MEDIR PRESION DE INYECCION GASOLINA"},"content":{"rendered":"","protected":false},"excerpt":{"rendered":"<p>\u0095 Estuche completo de adaptadores, mangueras y accesorios que se necesitan para realizar las pruebas pertinentes de presi\u00f3n de los sistemas modernos de inyecci\u00f3n de combustible.<br \/>\n\u0095 Incorpora tambi\u00e9n acomplamientos r\u00e1pidos y una v\u00e1lvula de seguridad adem\u00e1s de disponer de los modernos adaptadores schrader.<br \/>\n\u0095 Incluye un man\u00f3metro de 92mm de 0-10 bar.<br \/>\n\u0095 Para motores Europeos, Japoneses, Americanos.<br \/>\n\u0095 Permite controlar la presi\u00f3n de alimentaci\u00f3n de gasolina.<br \/>\n\u0095 Se puede \u00fatilizar para casi todos los sistemas de inyecci\u00f3n<\/p>\n[supsystic-tables id=130]\n","protected":false},"featured_media":25986,"template":"","meta":[],"product_cat":[259],"product_tag":[],"acf":[],"aioseo_notices":[],"_links":{"self":[{"href":"https:\/\/toolhub.es\/es\/wp-json\/wp\/v2\/product\/21469"}],"collection":[{"href":"https:\/\/toolhub.es\/es\/wp-json\/wp\/v2\/product"}],"about":[{"href":"https:\/\/toolhub.es\/es\/wp-json\/wp\/v2\/types\/product"}],"wp:featuredmedia":[{"embeddable":true,"href":"https:\/\/toolhub.es\/es\/wp-json\/wp\/v2\/media\/25986"}],"wp:attachment":[{"href":"https:\/\/toolhub.es\/es\/wp-json\/wp\/v2\/media?parent=21469"}],"wp:term":[{"taxonomy":"product_cat","embeddable":true,"href":"https:\/\/toolhub.es\/es\/wp-json\/wp\/v2\/product_cat?post=21469"},{"taxonomy":"product_tag","embeddable":true,"href":"https:\/\/toolhub.es\/es\/wp-json\/wp\/v2\/product_tag?post=21469"}],"curies":[{"name":"wp","href":"https:\/\/api.w.org\/{rel}","templated":true}]}}