{"id":21472,"date":"2023-03-21T09:28:17","date_gmt":"2023-03-21T09:28:17","guid":{"rendered":"https:\/\/toolhub.es\/producto\/juego-llave-allen-de-bola-extralarga-magnetica-9-pzs\/"},"modified":"2024-12-26T09:48:47","modified_gmt":"2024-12-26T09:48:47","slug":"juego-llave-allen-de-bola-extralarga-magnetica-9-pzs","status":"publish","type":"product","link":"https:\/\/toolhub.es\/es\/producto\/juego-llave-allen-de-bola-extralarga-magnetica-9-pzs\/","title":{"rendered":"JUEGO LLAVE ALLEN DE BOLA EXTRALARGA \/ MAGNETICA 9 PZS."},"content":{"rendered":"","protected":false},"excerpt":{"rendered":"<p>\u0095 Fabricadas de acero cromo vanadio, endurecidos y templados.<br \/>\n\u0095 Punta imantada para facilitar la colocaci\u00f3n de la llave y extracci\u00f3n de la fijaci\u00f3n.<\/p>\n<p><strong>Composici\u00f3n<\/strong><br \/>\nAllen 1.5, 2, 2.5, 3, 4, 5, 6, 8, 10 mm.<\/p>\n<p><strong>Medidas<\/strong>:<br \/>\nLargo: 90 &#8211; 230mm.<\/p>\n","protected":false},"featured_media":25989,"template":"","meta":[],"product_cat":[231],"product_tag":[],"acf":[],"aioseo_notices":[],"_links":{"self":[{"href":"https:\/\/toolhub.es\/es\/wp-json\/wp\/v2\/product\/21472"}],"collection":[{"href":"https:\/\/toolhub.es\/es\/wp-json\/wp\/v2\/product"}],"about":[{"href":"https:\/\/toolhub.es\/es\/wp-json\/wp\/v2\/types\/product"}],"wp:featuredmedia":[{"embeddable":true,"href":"https:\/\/toolhub.es\/es\/wp-json\/wp\/v2\/media\/25989"}],"wp:attachment":[{"href":"https:\/\/toolhub.es\/es\/wp-json\/wp\/v2\/media?parent=21472"}],"wp:term":[{"taxonomy":"product_cat","embeddable":true,"href":"https:\/\/toolhub.es\/es\/wp-json\/wp\/v2\/product_cat?post=21472"},{"taxonomy":"product_tag","embeddable":true,"href":"https:\/\/toolhub.es\/es\/wp-json\/wp\/v2\/product_tag?post=21472"}],"curies":[{"name":"wp","href":"https:\/\/api.w.org\/{rel}","templated":true}]}}