{"id":21519,"date":"2023-03-21T09:28:52","date_gmt":"2023-03-21T09:28:52","guid":{"rendered":"https:\/\/toolhub.es\/producto\/alicates-para-conector-de-tubo-de-combustible\/"},"modified":"2024-12-26T09:49:49","modified_gmt":"2024-12-26T09:49:49","slug":"alicates-para-conector-de-tubo-de-combustible","status":"publish","type":"product","link":"https:\/\/toolhub.es\/es\/producto\/alicates-para-conector-de-tubo-de-combustible\/","title":{"rendered":"ALICATES PARA CONECTOR DE TUBO DE COMBUSTIBLE"},"content":{"rendered":"","protected":false},"excerpt":{"rendered":"<p>Adecuado para la liberaci\u00f3n de las conexiones en los tubos de combustible durante el mantenimiento, o a la hora de sustituir los respectivos filtros.<\/p>\n<p>Dise\u00f1ado para comprimir los enchufes de conexi\u00f3n r\u00e1pida y una f\u00e1cil liberaci\u00f3n sin da\u00f1ar el conector.<\/p>\n","protected":false},"featured_media":26037,"template":"","meta":[],"product_cat":[259],"product_tag":[],"acf":[],"aioseo_notices":[],"_links":{"self":[{"href":"https:\/\/toolhub.es\/es\/wp-json\/wp\/v2\/product\/21519"}],"collection":[{"href":"https:\/\/toolhub.es\/es\/wp-json\/wp\/v2\/product"}],"about":[{"href":"https:\/\/toolhub.es\/es\/wp-json\/wp\/v2\/types\/product"}],"wp:featuredmedia":[{"embeddable":true,"href":"https:\/\/toolhub.es\/es\/wp-json\/wp\/v2\/media\/26037"}],"wp:attachment":[{"href":"https:\/\/toolhub.es\/es\/wp-json\/wp\/v2\/media?parent=21519"}],"wp:term":[{"taxonomy":"product_cat","embeddable":true,"href":"https:\/\/toolhub.es\/es\/wp-json\/wp\/v2\/product_cat?post=21519"},{"taxonomy":"product_tag","embeddable":true,"href":"https:\/\/toolhub.es\/es\/wp-json\/wp\/v2\/product_tag?post=21519"}],"curies":[{"name":"wp","href":"https:\/\/api.w.org\/{rel}","templated":true}]}}