{"id":21538,"date":"2023-03-21T09:29:11","date_gmt":"2023-03-21T09:29:11","guid":{"rendered":"https:\/\/toolhub.es\/producto\/juego-para-extraer-instalar-rodamientos-mercedes-11pzs\/"},"modified":"2024-12-26T09:50:15","modified_gmt":"2024-12-26T09:50:15","slug":"juego-para-extraer-instalar-rodamientos-mercedes-11pzs","status":"publish","type":"product","link":"https:\/\/toolhub.es\/es\/producto\/juego-para-extraer-instalar-rodamientos-mercedes-11pzs\/","title":{"rendered":"JUEGO PARA EXTRAER \/ INSTALAR RODAMIENTOS, MERCEDES 11PZS"},"content":{"rendered":"","protected":false},"excerpt":{"rendered":"<p>Conjunto de herramientas de 11 piezas que permite la extracci\u00f3n e instalaci\u00f3n de las rotulas para veh\u00edculos Mercedes sin la necesidad de desmontar el brazo de suspensi\u00f3n o el sistema de frenos.<br \/>\nContiene una prensa en \u0093C\u0094 con los adaptadores y platos para extraer e instalar las rotulas. Tambi\u00e9n contiene el vaso almenado especial para el Mercedes Clase M, W163 y W164.<\/p>\n<p><strong>Aplicaciones:<\/strong><br \/>\n<strong>Mercedes:<\/strong> Clase CL \/ Clase CLS \/ Clase E \/ Clase M \/ Clase S \/ Clase SL.<br \/>\n<strong>Carroceria:<\/strong> W163 \/ W164 \/ W210 \/ W211 \/ W215 \/ W219 \/ W220 \/ W230.<\/p>\n","protected":false},"featured_media":26056,"template":"","meta":[],"product_cat":[275],"product_tag":[],"acf":[],"aioseo_notices":[],"_links":{"self":[{"href":"https:\/\/toolhub.es\/es\/wp-json\/wp\/v2\/product\/21538"}],"collection":[{"href":"https:\/\/toolhub.es\/es\/wp-json\/wp\/v2\/product"}],"about":[{"href":"https:\/\/toolhub.es\/es\/wp-json\/wp\/v2\/types\/product"}],"wp:featuredmedia":[{"embeddable":true,"href":"https:\/\/toolhub.es\/es\/wp-json\/wp\/v2\/media\/26056"}],"wp:attachment":[{"href":"https:\/\/toolhub.es\/es\/wp-json\/wp\/v2\/media?parent=21538"}],"wp:term":[{"taxonomy":"product_cat","embeddable":true,"href":"https:\/\/toolhub.es\/es\/wp-json\/wp\/v2\/product_cat?post=21538"},{"taxonomy":"product_tag","embeddable":true,"href":"https:\/\/toolhub.es\/es\/wp-json\/wp\/v2\/product_tag?post=21538"}],"curies":[{"name":"wp","href":"https:\/\/api.w.org\/{rel}","templated":true}]}}