{"id":21594,"date":"2023-03-21T09:30:05","date_gmt":"2023-03-21T09:30:05","guid":{"rendered":"https:\/\/toolhub.es\/producto\/comprobador-de-fuga-de-cilindros\/"},"modified":"2024-12-26T12:35:54","modified_gmt":"2024-12-26T12:35:54","slug":"comprobador-de-fuga-de-cilindros","status":"publish","type":"product","link":"https:\/\/toolhub.es\/es\/producto\/comprobador-de-fuga-de-cilindros\/","title":{"rendered":"COMPROBADOR DE FUGA DE CILINDROS"},"content":{"rendered":"","protected":false},"excerpt":{"rendered":"<p>Dise\u00f1ado para detectar una variedad de fallos comunes del motor tales como aros de pist\u00f3n desgastados, v\u00e1lvulas desgastadas, fisuras en culata y juntas de culata sopladas.<\/p>\n<p>Doble man\u00f3metro que muestra el porcentaje de fuga y presi\u00f3n del cilindro.<\/p>\n<p>Adecuado para su uso en cualquier motor de gasolina con buj\u00edas de 10, 12 o 14mm.<\/p>\n","protected":false},"featured_media":19686,"template":"","meta":[],"product_cat":[259],"product_tag":[],"acf":[],"aioseo_notices":[],"_links":{"self":[{"href":"https:\/\/toolhub.es\/es\/wp-json\/wp\/v2\/product\/21594"}],"collection":[{"href":"https:\/\/toolhub.es\/es\/wp-json\/wp\/v2\/product"}],"about":[{"href":"https:\/\/toolhub.es\/es\/wp-json\/wp\/v2\/types\/product"}],"wp:featuredmedia":[{"embeddable":true,"href":"https:\/\/toolhub.es\/es\/wp-json\/wp\/v2\/media\/19686"}],"wp:attachment":[{"href":"https:\/\/toolhub.es\/es\/wp-json\/wp\/v2\/media?parent=21594"}],"wp:term":[{"taxonomy":"product_cat","embeddable":true,"href":"https:\/\/toolhub.es\/es\/wp-json\/wp\/v2\/product_cat?post=21594"},{"taxonomy":"product_tag","embeddable":true,"href":"https:\/\/toolhub.es\/es\/wp-json\/wp\/v2\/product_tag?post=21594"}],"curies":[{"name":"wp","href":"https:\/\/api.w.org\/{rel}","templated":true}]}}