{"id":21607,"date":"2023-03-21T09:30:32","date_gmt":"2023-03-21T09:30:32","guid":{"rendered":"https:\/\/toolhub.es\/producto\/juego-de-puntas-torx-plus\/"},"modified":"2024-12-26T09:51:42","modified_gmt":"2024-12-26T09:51:42","slug":"juego-de-puntas-torx-plus","status":"publish","type":"product","link":"https:\/\/toolhub.es\/es\/producto\/juego-de-puntas-torx-plus\/","title":{"rendered":"JUEGO DE PUNTAS TORX PLUS"},"content":{"rendered":"","protected":false},"excerpt":{"rendered":"<p>El Torx Plus se \u00fatiliza comunmente en veh\u00edculos europeos como Renault, Opel, Peugeot, Citro\u00ebn, Ford, entre otros.<br \/>\n<strong>Aplicaciones<\/strong>:<br \/>\nbomba inyectora, aire acondicionado, salpicadero, transmisi\u00f3n, cintur\u00f3n de seguridad, etc.<\/p>\n<p><strong>Puntas:<\/strong><br \/>\n<strong>Torx Plus:<\/strong><br \/>\nTP10, TP15, TP20, TP25,TP30, TP40, TP45, TP50, TP55 y TP60.<\/p>\n<p><strong>TS Inviolable: <\/strong><br \/>\nTS10, TS15, TS20, TS25, TS30, TS40, TS45, TS50, TS55 y TS60<\/p>\n<p><strong>Adaptadores:<\/strong><br \/>\n 1\/4\u0094 x 6mm. Hex, 3\/8\u0094 x 10mm. Hex y adaptador magn\u00e9tico<\/p>\n<p><em>La \u00fatilizaci\u00f3n de una punta Torx en un cabezal Torx Plus producir\u00e1 da\u00f1o en el mismo<\/em><\/p>\n","protected":false},"featured_media":26125,"template":"","meta":[],"product_cat":[231],"product_tag":[],"acf":[],"aioseo_notices":[],"_links":{"self":[{"href":"https:\/\/toolhub.es\/es\/wp-json\/wp\/v2\/product\/21607"}],"collection":[{"href":"https:\/\/toolhub.es\/es\/wp-json\/wp\/v2\/product"}],"about":[{"href":"https:\/\/toolhub.es\/es\/wp-json\/wp\/v2\/types\/product"}],"wp:featuredmedia":[{"embeddable":true,"href":"https:\/\/toolhub.es\/es\/wp-json\/wp\/v2\/media\/26125"}],"wp:attachment":[{"href":"https:\/\/toolhub.es\/es\/wp-json\/wp\/v2\/media?parent=21607"}],"wp:term":[{"taxonomy":"product_cat","embeddable":true,"href":"https:\/\/toolhub.es\/es\/wp-json\/wp\/v2\/product_cat?post=21607"},{"taxonomy":"product_tag","embeddable":true,"href":"https:\/\/toolhub.es\/es\/wp-json\/wp\/v2\/product_tag?post=21607"}],"curies":[{"name":"wp","href":"https:\/\/api.w.org\/{rel}","templated":true}]}}