{"id":21615,"date":"2023-03-21T09:30:32","date_gmt":"2023-03-21T09:30:32","guid":{"rendered":"https:\/\/toolhub.es\/producto\/conjunto-reglaje-de-motores-bmw-n47-n57\/"},"modified":"2024-12-26T09:51:51","modified_gmt":"2024-12-26T09:51:51","slug":"conjunto-reglaje-de-motores-bmw-n47-n57","status":"publish","type":"product","link":"https:\/\/toolhub.es\/es\/producto\/conjunto-reglaje-de-motores-bmw-n47-n57\/","title":{"rendered":"CONJUNTO REGLAJE DE MOTORES &#8211; BMW N47\/N57"},"content":{"rendered":"","protected":false},"excerpt":{"rendered":"<p>Este conjunto contiene las herramientas esenciales para mantener el motor en la posici\u00f3n correcta para reemplazar la cadena de distribuci\u00f3n. Adicionalmente incluyen los \u00fatiles para alinear y bloquear el cig\u00fce\u00f1al y el eje de equilibrio.<\/p>\n<p><strong>Aplicaciones:<\/strong><br \/>\nBMW Series 1, 2, 3, 4, 5, 6, 7, X1, X3, X4, X5, X6.<br \/>\nBMW Mini Clubman, Mini, Coupe, Roadster, Countryman, Paceman.<\/p>\n<p><strong>Motores:<\/strong> 1.6L, 2.0L. 3.0L<\/p>\n","protected":false},"featured_media":26133,"template":"","meta":[],"product_cat":[278],"product_tag":[],"acf":[],"aioseo_notices":[],"_links":{"self":[{"href":"https:\/\/toolhub.es\/es\/wp-json\/wp\/v2\/product\/21615"}],"collection":[{"href":"https:\/\/toolhub.es\/es\/wp-json\/wp\/v2\/product"}],"about":[{"href":"https:\/\/toolhub.es\/es\/wp-json\/wp\/v2\/types\/product"}],"wp:featuredmedia":[{"embeddable":true,"href":"https:\/\/toolhub.es\/es\/wp-json\/wp\/v2\/media\/26133"}],"wp:attachment":[{"href":"https:\/\/toolhub.es\/es\/wp-json\/wp\/v2\/media?parent=21615"}],"wp:term":[{"taxonomy":"product_cat","embeddable":true,"href":"https:\/\/toolhub.es\/es\/wp-json\/wp\/v2\/product_cat?post=21615"},{"taxonomy":"product_tag","embeddable":true,"href":"https:\/\/toolhub.es\/es\/wp-json\/wp\/v2\/product_tag?post=21615"}],"curies":[{"name":"wp","href":"https:\/\/api.w.org\/{rel}","templated":true}]}}