{"id":21635,"date":"2023-03-21T09:30:54","date_gmt":"2023-03-21T09:30:54","guid":{"rendered":"https:\/\/toolhub.es\/producto\/kit-calado-diesel-mercedes-m651\/"},"modified":"2024-12-26T09:52:17","modified_gmt":"2024-12-26T09:52:17","slug":"kit-calado-diesel-mercedes-m651","status":"publish","type":"product","link":"https:\/\/toolhub.es\/es\/producto\/kit-calado-diesel-mercedes-m651\/","title":{"rendered":"KIT CALADO DIESEL &#8211; MERCEDES M651"},"content":{"rendered":"","protected":false},"excerpt":{"rendered":"<p>Este kit contiene las herramientas necesarias para alinear y bloquear los \u00e1rboles de levas, cig\u00fce\u00f1al y los ejes de equilibrio de los motores di\u00e9sel Mercedes tipo OM651. Este kit incorpora un alineador de \u00e1rbol de levas nuevo con numero OEM 651589094000 necesario para modelos a partir de 2012. Tambi\u00e9n incluye herramienta de sujeci\u00f3n de la cadena de distribuci\u00f3n al pi\u00f1on del \u00e1rbol de levas para facilitar el montaje de la cadena.<\/p>\n<p><strong>Aplicaciones:<\/strong><br \/>\nMercedes A, B, C, CLA, CLS, E, GLA, GLC, GLE, GLK, M, S, SLC, SLK, V, Sprinter, Vito.<\/p>\n<p><strong>Motores <\/strong>1.8 CDi y 2.1 CDi.<\/p>\n<p><strong>A\u00f1os <\/strong>2012 &#8211; 2021<\/p>\n","protected":false},"featured_media":26153,"template":"","meta":[],"product_cat":[278],"product_tag":[],"acf":[],"aioseo_notices":[],"_links":{"self":[{"href":"https:\/\/toolhub.es\/es\/wp-json\/wp\/v2\/product\/21635"}],"collection":[{"href":"https:\/\/toolhub.es\/es\/wp-json\/wp\/v2\/product"}],"about":[{"href":"https:\/\/toolhub.es\/es\/wp-json\/wp\/v2\/types\/product"}],"wp:featuredmedia":[{"embeddable":true,"href":"https:\/\/toolhub.es\/es\/wp-json\/wp\/v2\/media\/26153"}],"wp:attachment":[{"href":"https:\/\/toolhub.es\/es\/wp-json\/wp\/v2\/media?parent=21635"}],"wp:term":[{"taxonomy":"product_cat","embeddable":true,"href":"https:\/\/toolhub.es\/es\/wp-json\/wp\/v2\/product_cat?post=21635"},{"taxonomy":"product_tag","embeddable":true,"href":"https:\/\/toolhub.es\/es\/wp-json\/wp\/v2\/product_tag?post=21635"}],"curies":[{"name":"wp","href":"https:\/\/api.w.org\/{rel}","templated":true}]}}