{"id":21651,"date":"2023-03-21T09:31:13","date_gmt":"2023-03-21T09:31:13","guid":{"rendered":"https:\/\/toolhub.es\/producto\/extractor-instalador-silentblocks-brazo-de-suspension-trasero-bmw-x5\/"},"modified":"2024-12-26T09:52:44","modified_gmt":"2024-12-26T09:52:44","slug":"extractor-instalador-silentblocks-brazo-de-suspension-trasero-bmw-x5","status":"publish","type":"product","link":"https:\/\/toolhub.es\/es\/producto\/extractor-instalador-silentblocks-brazo-de-suspension-trasero-bmw-x5\/","title":{"rendered":"EXTRACTOR\/INSTALADOR SILENTBLOCKS BRAZO DE SUSPENSION TRASERO BMW X5"},"content":{"rendered":"","protected":false},"excerpt":{"rendered":"<p>Herramienta de taller necesaria a la hora de llevar a cabo los procesos relacionados con la extracci\u00f3n e instalaci\u00f3n de los silentblocks en el brazo de suspesi\u00f3n trasero. Dise\u00f1ada especialmente para BMW X5.<\/p>\n<p><strong>Aplicaciones<\/strong>:<br \/>\nBMW E53 X5 (99-07)<\/p>\n","protected":false},"featured_media":26169,"template":"","meta":[],"product_cat":[275],"product_tag":[],"acf":[],"aioseo_notices":[],"_links":{"self":[{"href":"https:\/\/toolhub.es\/es\/wp-json\/wp\/v2\/product\/21651"}],"collection":[{"href":"https:\/\/toolhub.es\/es\/wp-json\/wp\/v2\/product"}],"about":[{"href":"https:\/\/toolhub.es\/es\/wp-json\/wp\/v2\/types\/product"}],"wp:featuredmedia":[{"embeddable":true,"href":"https:\/\/toolhub.es\/es\/wp-json\/wp\/v2\/media\/26169"}],"wp:attachment":[{"href":"https:\/\/toolhub.es\/es\/wp-json\/wp\/v2\/media?parent=21651"}],"wp:term":[{"taxonomy":"product_cat","embeddable":true,"href":"https:\/\/toolhub.es\/es\/wp-json\/wp\/v2\/product_cat?post=21651"},{"taxonomy":"product_tag","embeddable":true,"href":"https:\/\/toolhub.es\/es\/wp-json\/wp\/v2\/product_tag?post=21651"}],"curies":[{"name":"wp","href":"https:\/\/api.w.org\/{rel}","templated":true}]}}