{"id":21654,"date":"2023-03-21T09:31:13","date_gmt":"2023-03-21T09:31:13","guid":{"rendered":"https:\/\/toolhub.es\/producto\/llave-para-sujetar-polea-de-ciguenal-jaguar-land-rover-4-0-4-2-4-4\/"},"modified":"2024-12-26T09:52:47","modified_gmt":"2024-12-26T09:52:47","slug":"llave-para-sujetar-polea-de-ciguenal-jaguar-land-rover-4-0-4-2-4-4","status":"publish","type":"product","link":"https:\/\/toolhub.es\/es\/producto\/llave-para-sujetar-polea-de-ciguenal-jaguar-land-rover-4-0-4-2-4-4\/","title":{"rendered":"LLAVE PARA SUJETAR POLEA DE CIG?E?AL &#8211; JAGUAR \/ LAND ROVER 4.0\/ 4.2 \/ 4.4"},"content":{"rendered":"","protected":false},"excerpt":{"rendered":"<p>Herramienta esencial para trabajos de reparaci\u00f3n de motor y cambios de cadena de distribuci\u00f3n. El tornillo de cig\u00fce\u00f1al tiene un par de apriete de hasta 375Nm .<\/p>\n<p><strong>Aplicaciones:<\/strong><br \/>\n<strong>Jaguar <\/strong>S-Type, XJ8, XJR, XK8, XKR.<br \/>\n<strong>Land Rover<\/strong> Defender, Discovery 3, Range Rover, Range Rover Sport.<\/p>\n<p><strong>A\u00f1o<\/strong> 1997-2013<\/p>\n","protected":false},"featured_media":26172,"template":"","meta":[],"product_cat":[278],"product_tag":[],"acf":[],"aioseo_notices":[],"_links":{"self":[{"href":"https:\/\/toolhub.es\/es\/wp-json\/wp\/v2\/product\/21654"}],"collection":[{"href":"https:\/\/toolhub.es\/es\/wp-json\/wp\/v2\/product"}],"about":[{"href":"https:\/\/toolhub.es\/es\/wp-json\/wp\/v2\/types\/product"}],"wp:featuredmedia":[{"embeddable":true,"href":"https:\/\/toolhub.es\/es\/wp-json\/wp\/v2\/media\/26172"}],"wp:attachment":[{"href":"https:\/\/toolhub.es\/es\/wp-json\/wp\/v2\/media?parent=21654"}],"wp:term":[{"taxonomy":"product_cat","embeddable":true,"href":"https:\/\/toolhub.es\/es\/wp-json\/wp\/v2\/product_cat?post=21654"},{"taxonomy":"product_tag","embeddable":true,"href":"https:\/\/toolhub.es\/es\/wp-json\/wp\/v2\/product_tag?post=21654"}],"curies":[{"name":"wp","href":"https:\/\/api.w.org\/{rel}","templated":true}]}}