{"id":21660,"date":"2023-03-21T09:31:13","date_gmt":"2023-03-21T09:31:13","guid":{"rendered":"https:\/\/toolhub.es\/producto\/llave-para-sujetar-ciguenal-bmw-bmw-mini-1-5d-2-0d-b37-b47\/"},"modified":"2024-12-26T09:52:54","modified_gmt":"2024-12-26T09:52:54","slug":"llave-para-sujetar-ciguenal-bmw-bmw-mini-1-5d-2-0d-b37-b47","status":"publish","type":"product","link":"https:\/\/toolhub.es\/es\/producto\/llave-para-sujetar-ciguenal-bmw-bmw-mini-1-5d-2-0d-b37-b47\/","title":{"rendered":"LLAVE PARA SUJETAR CIG?E?AL- BMW \/ BMW MINI 1.5D \/ 2.0D (B37 \/ B47)"},"content":{"rendered":"","protected":false},"excerpt":{"rendered":"<p>Herramienta especial para sujetar la polea de cig\u00fce\u00f1al durante el afloje y apriete del tornillo de fijaci\u00f3n. La llave sujeta la parte interna de la polea para prevenir da\u00f1o al amortiguador de vibraciones y mantener el cig\u00fce\u00f1al fijo.<\/p>\n<p><strong>Aplicaciones <\/strong><br \/>\nBMW \/ BMW Mini &#8211; 1.5D \/ 2.0D \/ 1.2i \/ 1.5i \/ 2.0i \/ 3.0i<\/p>\n<p><strong>A\u00f1o <\/strong>Desde 2014<\/p>\n","protected":false},"featured_media":26178,"template":"","meta":[],"product_cat":[278],"product_tag":[],"acf":[],"aioseo_notices":[],"_links":{"self":[{"href":"https:\/\/toolhub.es\/es\/wp-json\/wp\/v2\/product\/21660"}],"collection":[{"href":"https:\/\/toolhub.es\/es\/wp-json\/wp\/v2\/product"}],"about":[{"href":"https:\/\/toolhub.es\/es\/wp-json\/wp\/v2\/types\/product"}],"wp:featuredmedia":[{"embeddable":true,"href":"https:\/\/toolhub.es\/es\/wp-json\/wp\/v2\/media\/26178"}],"wp:attachment":[{"href":"https:\/\/toolhub.es\/es\/wp-json\/wp\/v2\/media?parent=21660"}],"wp:term":[{"taxonomy":"product_cat","embeddable":true,"href":"https:\/\/toolhub.es\/es\/wp-json\/wp\/v2\/product_cat?post=21660"},{"taxonomy":"product_tag","embeddable":true,"href":"https:\/\/toolhub.es\/es\/wp-json\/wp\/v2\/product_tag?post=21660"}],"curies":[{"name":"wp","href":"https:\/\/api.w.org\/{rel}","templated":true}]}}