{"id":21661,"date":"2023-03-21T09:31:13","date_gmt":"2023-03-21T09:31:13","guid":{"rendered":"https:\/\/toolhub.es\/producto\/llave-para-sujetar-ciguenal-bmw-n47-n57\/"},"modified":"2024-12-26T09:52:56","modified_gmt":"2024-12-26T09:52:56","slug":"llave-para-sujetar-ciguenal-bmw-n47-n57","status":"publish","type":"product","link":"https:\/\/toolhub.es\/es\/producto\/llave-para-sujetar-ciguenal-bmw-n47-n57\/","title":{"rendered":"LLAVE PARA SUJETAR CIG?E?AL &#8211; BMW N47 \/ N57"},"content":{"rendered":"","protected":false},"excerpt":{"rendered":"<p>Herramienta especial para sujetar la polea de cig\u00fce\u00f1al durante el afloje y apriete del tornillo de fijaci\u00f3n. La llave sujeta la parte interna de la polea para prevenir da\u00f1o al amortiguador de vibraciones y mantener el cig\u00fce\u00f1al fijo.<\/p>\n<p><strong>Aplicaciones <\/strong>BMW \/ BMW Mini<\/p>\n<p><strong>A\u00f1o <\/strong>2007 \u0096 2017.<\/p>\n","protected":false},"featured_media":26179,"template":"","meta":[],"product_cat":[278],"product_tag":[],"acf":[],"aioseo_notices":[],"_links":{"self":[{"href":"https:\/\/toolhub.es\/es\/wp-json\/wp\/v2\/product\/21661"}],"collection":[{"href":"https:\/\/toolhub.es\/es\/wp-json\/wp\/v2\/product"}],"about":[{"href":"https:\/\/toolhub.es\/es\/wp-json\/wp\/v2\/types\/product"}],"wp:featuredmedia":[{"embeddable":true,"href":"https:\/\/toolhub.es\/es\/wp-json\/wp\/v2\/media\/26179"}],"wp:attachment":[{"href":"https:\/\/toolhub.es\/es\/wp-json\/wp\/v2\/media?parent=21661"}],"wp:term":[{"taxonomy":"product_cat","embeddable":true,"href":"https:\/\/toolhub.es\/es\/wp-json\/wp\/v2\/product_cat?post=21661"},{"taxonomy":"product_tag","embeddable":true,"href":"https:\/\/toolhub.es\/es\/wp-json\/wp\/v2\/product_tag?post=21661"}],"curies":[{"name":"wp","href":"https:\/\/api.w.org\/{rel}","templated":true}]}}