{"id":21664,"date":"2023-03-21T09:31:13","date_gmt":"2023-03-21T09:31:13","guid":{"rendered":"https:\/\/toolhub.es\/producto\/llave-para-sujetar-ciguenal-audi-3-0-tfsi\/"},"modified":"2024-12-26T09:52:59","modified_gmt":"2024-12-26T09:52:59","slug":"llave-para-sujetar-ciguenal-audi-3-0-tfsi","status":"publish","type":"product","link":"https:\/\/toolhub.es\/es\/producto\/llave-para-sujetar-ciguenal-audi-3-0-tfsi\/","title":{"rendered":"LLAVE PARA SUJETAR CIGUE?AL &#8211; AUDI 3.0 TFSI"},"content":{"rendered":"","protected":false},"excerpt":{"rendered":"<p>Herramienta especial utilizada para la extracci\u00f3n e instalaci\u00f3n del ajustador del \u00e1rbol de levas<\/p>\n","protected":false},"featured_media":26182,"template":"","meta":[],"product_cat":[278],"product_tag":[],"acf":[],"aioseo_notices":[],"_links":{"self":[{"href":"https:\/\/toolhub.es\/es\/wp-json\/wp\/v2\/product\/21664"}],"collection":[{"href":"https:\/\/toolhub.es\/es\/wp-json\/wp\/v2\/product"}],"about":[{"href":"https:\/\/toolhub.es\/es\/wp-json\/wp\/v2\/types\/product"}],"wp:featuredmedia":[{"embeddable":true,"href":"https:\/\/toolhub.es\/es\/wp-json\/wp\/v2\/media\/26182"}],"wp:attachment":[{"href":"https:\/\/toolhub.es\/es\/wp-json\/wp\/v2\/media?parent=21664"}],"wp:term":[{"taxonomy":"product_cat","embeddable":true,"href":"https:\/\/toolhub.es\/es\/wp-json\/wp\/v2\/product_cat?post=21664"},{"taxonomy":"product_tag","embeddable":true,"href":"https:\/\/toolhub.es\/es\/wp-json\/wp\/v2\/product_tag?post=21664"}],"curies":[{"name":"wp","href":"https:\/\/api.w.org\/{rel}","templated":true}]}}