{"id":21675,"date":"2023-03-21T09:31:31","date_gmt":"2023-03-21T09:31:31","guid":{"rendered":"https:\/\/toolhub.es\/producto\/lapeador-neumatico-de-valvulas\/"},"modified":"2024-12-26T09:53:16","modified_gmt":"2024-12-26T09:53:16","slug":"lapeador-neumatico-de-valvulas","status":"publish","type":"product","link":"https:\/\/toolhub.es\/es\/producto\/lapeador-neumatico-de-valvulas\/","title":{"rendered":"LAPEADOR NEUMATICO DE VALVULAS"},"content":{"rendered":"","protected":false},"excerpt":{"rendered":"<p>Herramienta que se precisa su utilizaci\u00f3n en el proceso de mantenimiento y conservaci\u00f3n de las v\u00e1lvulas.<br \/>\nSe suministra dentro de una caja lo que facilita su transporte y almacenamiento.<br \/>\nSistema de rotaci\u00f3n sin percusi\u00f3n<\/p>\n[supsystic-tables id=274]\n","protected":false},"featured_media":26193,"template":"","meta":[],"product_cat":[259],"product_tag":[],"acf":[],"aioseo_notices":[],"_links":{"self":[{"href":"https:\/\/toolhub.es\/es\/wp-json\/wp\/v2\/product\/21675"}],"collection":[{"href":"https:\/\/toolhub.es\/es\/wp-json\/wp\/v2\/product"}],"about":[{"href":"https:\/\/toolhub.es\/es\/wp-json\/wp\/v2\/types\/product"}],"wp:featuredmedia":[{"embeddable":true,"href":"https:\/\/toolhub.es\/es\/wp-json\/wp\/v2\/media\/26193"}],"wp:attachment":[{"href":"https:\/\/toolhub.es\/es\/wp-json\/wp\/v2\/media?parent=21675"}],"wp:term":[{"taxonomy":"product_cat","embeddable":true,"href":"https:\/\/toolhub.es\/es\/wp-json\/wp\/v2\/product_cat?post=21675"},{"taxonomy":"product_tag","embeddable":true,"href":"https:\/\/toolhub.es\/es\/wp-json\/wp\/v2\/product_tag?post=21675"}],"curies":[{"name":"wp","href":"https:\/\/api.w.org\/{rel}","templated":true}]}}