{"id":21676,"date":"2023-03-21T09:31:31","date_gmt":"2023-03-21T09:31:31","guid":{"rendered":"https:\/\/toolhub.es\/producto\/instalador-de-correas-elasticas-2-pzs\/"},"modified":"2024-12-26T09:53:17","modified_gmt":"2024-12-26T09:53:17","slug":"instalador-de-correas-elasticas-2-pzs","status":"publish","type":"product","link":"https:\/\/toolhub.es\/es\/producto\/instalador-de-correas-elasticas-2-pzs\/","title":{"rendered":"INSTALADOR DE CORREAS ELASTICAS 2 PZS."},"content":{"rendered":"","protected":false},"excerpt":{"rendered":"<p>Herramienta universal y re\u00fatilizable, para la correcta instalaci\u00f3n de las correas el\u00e1sticas.<br \/>\nTornillos de diferentes tama\u00f1os para estabilizar la herramienta contra la polea.<\/p>\n","protected":false},"featured_media":26194,"template":"","meta":[],"product_cat":[278],"product_tag":[],"acf":[],"aioseo_notices":[],"_links":{"self":[{"href":"https:\/\/toolhub.es\/es\/wp-json\/wp\/v2\/product\/21676"}],"collection":[{"href":"https:\/\/toolhub.es\/es\/wp-json\/wp\/v2\/product"}],"about":[{"href":"https:\/\/toolhub.es\/es\/wp-json\/wp\/v2\/types\/product"}],"wp:featuredmedia":[{"embeddable":true,"href":"https:\/\/toolhub.es\/es\/wp-json\/wp\/v2\/media\/26194"}],"wp:attachment":[{"href":"https:\/\/toolhub.es\/es\/wp-json\/wp\/v2\/media?parent=21676"}],"wp:term":[{"taxonomy":"product_cat","embeddable":true,"href":"https:\/\/toolhub.es\/es\/wp-json\/wp\/v2\/product_cat?post=21676"},{"taxonomy":"product_tag","embeddable":true,"href":"https:\/\/toolhub.es\/es\/wp-json\/wp\/v2\/product_tag?post=21676"}],"curies":[{"name":"wp","href":"https:\/\/api.w.org\/{rel}","templated":true}]}}