{"id":21701,"date":"2023-03-21T09:31:49","date_gmt":"2023-03-21T09:31:49","guid":{"rendered":"https:\/\/toolhub.es\/producto\/instalador-de-correas-auxiliaries-ford-volvo\/"},"modified":"2024-12-26T09:53:47","modified_gmt":"2024-12-26T09:53:47","slug":"instalador-de-correas-auxiliaries-ford-volvo","status":"publish","type":"product","link":"https:\/\/toolhub.es\/es\/producto\/instalador-de-correas-auxiliaries-ford-volvo\/","title":{"rendered":"INSTALADOR DE CORREAS AUXILIARIES FORD \/ VOLVO"},"content":{"rendered":"","protected":false},"excerpt":{"rendered":"<p>Juego de dos herramienta que facilita la instalaci\u00f3n de la correa auxiliar cuando el ancho de la polea del cig\u00fce\u00f1al restringe el acceso. Una pieza se pone en la polea de<br \/>\ncig\u00fce\u00f1al y la otra en la polea de la bomba de agua y usando un vaso de 17mm se rota para colocar la correa en las poleas.<\/p>\n<p><strong>Aplicaciones:<\/strong><br \/>\nFord 1.4 \/ 1.6 \u0096 C-Max, Focus, Mondeo.<br \/>\nVolvo 1.6 \u0096 C30, S40, V50.<\/p>\n","protected":false},"featured_media":26216,"template":"","meta":[],"product_cat":[278],"product_tag":[],"acf":[],"aioseo_notices":[],"_links":{"self":[{"href":"https:\/\/toolhub.es\/es\/wp-json\/wp\/v2\/product\/21701"}],"collection":[{"href":"https:\/\/toolhub.es\/es\/wp-json\/wp\/v2\/product"}],"about":[{"href":"https:\/\/toolhub.es\/es\/wp-json\/wp\/v2\/types\/product"}],"wp:featuredmedia":[{"embeddable":true,"href":"https:\/\/toolhub.es\/es\/wp-json\/wp\/v2\/media\/26216"}],"wp:attachment":[{"href":"https:\/\/toolhub.es\/es\/wp-json\/wp\/v2\/media?parent=21701"}],"wp:term":[{"taxonomy":"product_cat","embeddable":true,"href":"https:\/\/toolhub.es\/es\/wp-json\/wp\/v2\/product_cat?post=21701"},{"taxonomy":"product_tag","embeddable":true,"href":"https:\/\/toolhub.es\/es\/wp-json\/wp\/v2\/product_tag?post=21701"}],"curies":[{"name":"wp","href":"https:\/\/api.w.org\/{rel}","templated":true}]}}