{"id":21715,"date":"2023-03-21T09:32:07","date_gmt":"2023-03-21T09:32:07","guid":{"rendered":"https:\/\/toolhub.es\/producto\/kit-calado-diesel-opel-2-0-cdti\/"},"modified":"2024-12-26T09:54:04","modified_gmt":"2024-12-26T09:54:04","slug":"kit-calado-diesel-opel-2-0-cdti","status":"publish","type":"product","link":"https:\/\/toolhub.es\/es\/producto\/kit-calado-diesel-opel-2-0-cdti\/","title":{"rendered":"KIT CALADO DIESEL &#8211; OPEL 2.0 CDTI"},"content":{"rendered":"","protected":false},"excerpt":{"rendered":"<p>Kit de calado con las herramientas necesaria para reemplazar la correa de distribuci\u00f3n y ajustar la distribuci\u00f3n de la \u00faltima generaci\u00f3n de motor 2.0CDTi fabricado por Opel.<\/p>\n<p><strong>Aplicaciones:<\/strong><br \/>\nOpel Antara, Cascada, Insignia-A, Insignia-A Country Tourer, Insignia-B, Insignia-B Country Tourer, Zafira-C<\/p>\n<p><strong>A\u00f1o <\/strong>2014 &#8211; 2021<\/p>\n","protected":false},"featured_media":26230,"template":"","meta":[],"product_cat":[278],"product_tag":[],"acf":[],"aioseo_notices":[],"_links":{"self":[{"href":"https:\/\/toolhub.es\/es\/wp-json\/wp\/v2\/product\/21715"}],"collection":[{"href":"https:\/\/toolhub.es\/es\/wp-json\/wp\/v2\/product"}],"about":[{"href":"https:\/\/toolhub.es\/es\/wp-json\/wp\/v2\/types\/product"}],"wp:featuredmedia":[{"embeddable":true,"href":"https:\/\/toolhub.es\/es\/wp-json\/wp\/v2\/media\/26230"}],"wp:attachment":[{"href":"https:\/\/toolhub.es\/es\/wp-json\/wp\/v2\/media?parent=21715"}],"wp:term":[{"taxonomy":"product_cat","embeddable":true,"href":"https:\/\/toolhub.es\/es\/wp-json\/wp\/v2\/product_cat?post=21715"},{"taxonomy":"product_tag","embeddable":true,"href":"https:\/\/toolhub.es\/es\/wp-json\/wp\/v2\/product_tag?post=21715"}],"curies":[{"name":"wp","href":"https:\/\/api.w.org\/{rel}","templated":true}]}}