{"id":21734,"date":"2023-03-21T09:32:25","date_gmt":"2023-03-21T09:32:25","guid":{"rendered":"https:\/\/toolhub.es\/producto\/conjunto-para-sujetar-polea-del-ciguenal-jaguar-land-rover-3-0-5-0\/"},"modified":"2024-12-26T09:54:29","modified_gmt":"2024-12-26T09:54:29","slug":"conjunto-para-sujetar-polea-del-ciguenal-jaguar-land-rover-3-0-5-0","status":"publish","type":"product","link":"https:\/\/toolhub.es\/es\/producto\/conjunto-para-sujetar-polea-del-ciguenal-jaguar-land-rover-3-0-5-0\/","title":{"rendered":"CONJUNTO PARA SUJETAR POLEA DEL CIG?E?AL &#8211; JAGUAR \/ LAND ROVER 3.0 \/ 5.0"},"content":{"rendered":"","protected":false},"excerpt":{"rendered":"<p>Kit de herramientas para sujetar la polea de cig\u00fce\u00f1al para facilitar el apriete y aflojamiento del tornillo central y tambi\u00e9n<br \/>\npara permitir quitar la polea.<\/p>\n<p><strong>Aplicaciones:<\/strong><br \/>\n<strong>Jaguar <\/strong>F-Pace, F-Type, XE, XF, XFR, XJ, XJR, XK8, XKR.<br \/>\n<strong>Land Rover<\/strong> Discovery, Discovery 4, Range Rover, Range Rover Sport, Range Rover Velar.<\/p>\n<p><strong>A\u00f1o<\/strong> 2009 &#8211; 2021<\/p>\n","protected":false},"featured_media":26249,"template":"","meta":[],"product_cat":[278],"product_tag":[],"acf":[],"aioseo_notices":[],"_links":{"self":[{"href":"https:\/\/toolhub.es\/es\/wp-json\/wp\/v2\/product\/21734"}],"collection":[{"href":"https:\/\/toolhub.es\/es\/wp-json\/wp\/v2\/product"}],"about":[{"href":"https:\/\/toolhub.es\/es\/wp-json\/wp\/v2\/types\/product"}],"wp:featuredmedia":[{"embeddable":true,"href":"https:\/\/toolhub.es\/es\/wp-json\/wp\/v2\/media\/26249"}],"wp:attachment":[{"href":"https:\/\/toolhub.es\/es\/wp-json\/wp\/v2\/media?parent=21734"}],"wp:term":[{"taxonomy":"product_cat","embeddable":true,"href":"https:\/\/toolhub.es\/es\/wp-json\/wp\/v2\/product_cat?post=21734"},{"taxonomy":"product_tag","embeddable":true,"href":"https:\/\/toolhub.es\/es\/wp-json\/wp\/v2\/product_tag?post=21734"}],"curies":[{"name":"wp","href":"https:\/\/api.w.org\/{rel}","templated":true}]}}