{"id":21742,"date":"2023-03-21T09:32:25","date_gmt":"2023-03-21T09:32:25","guid":{"rendered":"https:\/\/toolhub.es\/producto\/mm23180-cjto-reglaje-motores-bmw-mini\/"},"modified":"2024-12-26T09:54:39","modified_gmt":"2024-12-26T09:54:39","slug":"mm23180-cjto-reglaje-motores-bmw-mini","status":"publish","type":"product","link":"https:\/\/toolhub.es\/es\/producto\/mm23180-cjto-reglaje-motores-bmw-mini\/","title":{"rendered":"MM23180\/\/ CJTO. REGLAJE MOTORES BMW MINI"},"content":{"rendered":"","protected":false},"excerpt":{"rendered":"<p>Kit Reglaje del motor para quitar \/ instalar el pi\u00f1\u00f3n del \u00e1rbol de levas e instalar el cig\u00fce\u00f1al polea en motores de gasolina BMW Mini R50 \/ 52\/53 y Chrysler PT Cruiser 1.6. <\/p>\n<p><strong>Aplicaciones<\/strong>:<br \/>\nBMW Mini Mini (R50 \/ R52 \/ R53)<\/p>\n<p><strong>Motores <\/strong><br \/>\n1.4i y 1.6i.<\/p>\n<p><strong>A\u00f1os <\/strong>2001 \u0096 2009<\/p>\n","protected":false},"featured_media":26257,"template":"","meta":[],"product_cat":[278],"product_tag":[],"acf":[],"aioseo_notices":[],"_links":{"self":[{"href":"https:\/\/toolhub.es\/es\/wp-json\/wp\/v2\/product\/21742"}],"collection":[{"href":"https:\/\/toolhub.es\/es\/wp-json\/wp\/v2\/product"}],"about":[{"href":"https:\/\/toolhub.es\/es\/wp-json\/wp\/v2\/types\/product"}],"wp:featuredmedia":[{"embeddable":true,"href":"https:\/\/toolhub.es\/es\/wp-json\/wp\/v2\/media\/26257"}],"wp:attachment":[{"href":"https:\/\/toolhub.es\/es\/wp-json\/wp\/v2\/media?parent=21742"}],"wp:term":[{"taxonomy":"product_cat","embeddable":true,"href":"https:\/\/toolhub.es\/es\/wp-json\/wp\/v2\/product_cat?post=21742"},{"taxonomy":"product_tag","embeddable":true,"href":"https:\/\/toolhub.es\/es\/wp-json\/wp\/v2\/product_tag?post=21742"}],"curies":[{"name":"wp","href":"https:\/\/api.w.org\/{rel}","templated":true}]}}