{"id":21744,"date":"2023-03-21T09:32:25","date_gmt":"2023-03-21T09:32:25","guid":{"rendered":"https:\/\/toolhub.es\/producto\/pistola-neumatica-de-limpieza\/"},"modified":"2024-12-26T09:54:41","modified_gmt":"2024-12-26T09:54:41","slug":"pistola-neumatica-de-limpieza","status":"publish","type":"product","link":"https:\/\/toolhub.es\/es\/producto\/pistola-neumatica-de-limpieza\/","title":{"rendered":"PISTOLA NEUMATICA DE LIMPIEZA"},"content":{"rendered":"","protected":false},"excerpt":{"rendered":"<p>La pistola de limpieza se utiliza para aplicaciones de limpieza muy variadas, como las superficies de tela, pl\u00e1stico, cuero, metal, etc&#8230; Utiliza el aire comprimido de un compresor para funcionar. Su utilizaci\u00f3n es sencilla y muy eficaz.<br \/>\nEl aire comprimido con efecto cicl\u00f3nico desprende la suciedad. Utilice la pistola para limpiar rapidamente los paneles de las puertas, el volante, el recubrimiento de techo, las alfombrillas, los asientos de su veh\u00edculo y dem\u00e1s lugares dif\u00edciles.<\/p>\n","protected":false},"featured_media":26259,"template":"","meta":[],"product_cat":[280],"product_tag":[],"acf":[],"aioseo_notices":[],"_links":{"self":[{"href":"https:\/\/toolhub.es\/es\/wp-json\/wp\/v2\/product\/21744"}],"collection":[{"href":"https:\/\/toolhub.es\/es\/wp-json\/wp\/v2\/product"}],"about":[{"href":"https:\/\/toolhub.es\/es\/wp-json\/wp\/v2\/types\/product"}],"wp:featuredmedia":[{"embeddable":true,"href":"https:\/\/toolhub.es\/es\/wp-json\/wp\/v2\/media\/26259"}],"wp:attachment":[{"href":"https:\/\/toolhub.es\/es\/wp-json\/wp\/v2\/media?parent=21744"}],"wp:term":[{"taxonomy":"product_cat","embeddable":true,"href":"https:\/\/toolhub.es\/es\/wp-json\/wp\/v2\/product_cat?post=21744"},{"taxonomy":"product_tag","embeddable":true,"href":"https:\/\/toolhub.es\/es\/wp-json\/wp\/v2\/product_tag?post=21744"}],"curies":[{"name":"wp","href":"https:\/\/api.w.org\/{rel}","templated":true}]}}