{"id":21750,"date":"2023-03-21T09:32:59","date_gmt":"2023-03-21T09:32:59","guid":{"rendered":"https:\/\/toolhub.es\/producto\/llave-para-sujetar-ciguenal-opel\/"},"modified":"2024-12-26T09:54:48","modified_gmt":"2024-12-26T09:54:48","slug":"llave-para-sujetar-ciguenal-opel","status":"publish","type":"product","link":"https:\/\/toolhub.es\/es\/producto\/llave-para-sujetar-ciguenal-opel\/","title":{"rendered":"LLAVE PARA SUJETAR CIGUE?AL &#8211; OPEL"},"content":{"rendered":"","protected":false},"excerpt":{"rendered":"<p>Llave espec\u00edfica que permite sujetar la polea de cig\u00fce\u00f1al para poder aflojar y apretar el tornillo de fijaci\u00f3n sin mover la distribuci\u00f3n o da\u00f1ar las herramientas de bloqueo.<\/p>\n","protected":false},"featured_media":26266,"template":"","meta":[],"product_cat":[278],"product_tag":[],"acf":[],"aioseo_notices":[],"_links":{"self":[{"href":"https:\/\/toolhub.es\/es\/wp-json\/wp\/v2\/product\/21750"}],"collection":[{"href":"https:\/\/toolhub.es\/es\/wp-json\/wp\/v2\/product"}],"about":[{"href":"https:\/\/toolhub.es\/es\/wp-json\/wp\/v2\/types\/product"}],"wp:featuredmedia":[{"embeddable":true,"href":"https:\/\/toolhub.es\/es\/wp-json\/wp\/v2\/media\/26266"}],"wp:attachment":[{"href":"https:\/\/toolhub.es\/es\/wp-json\/wp\/v2\/media?parent=21750"}],"wp:term":[{"taxonomy":"product_cat","embeddable":true,"href":"https:\/\/toolhub.es\/es\/wp-json\/wp\/v2\/product_cat?post=21750"},{"taxonomy":"product_tag","embeddable":true,"href":"https:\/\/toolhub.es\/es\/wp-json\/wp\/v2\/product_tag?post=21750"}],"curies":[{"name":"wp","href":"https:\/\/api.w.org\/{rel}","templated":true}]}}