{"id":21755,"date":"2023-03-21T09:32:59","date_gmt":"2023-03-21T09:32:59","guid":{"rendered":"https:\/\/toolhub.es\/producto\/comprobador-de-desgaste-de-correa-de-distribucion-psa\/"},"modified":"2024-12-26T09:54:54","modified_gmt":"2024-12-26T09:54:54","slug":"comprobador-de-desgaste-de-correa-de-distribucion-psa","status":"publish","type":"product","link":"https:\/\/toolhub.es\/es\/producto\/comprobador-de-desgaste-de-correa-de-distribucion-psa\/","title":{"rendered":"COMPROBADOR DE DESGASTE DE CORREA DE DISTRIBUCION &#8211; PSA"},"content":{"rendered":"","protected":false},"excerpt":{"rendered":"<p>Los motores 1.0 y 1.2 Puretech de PSA utilizan la tecnolog\u00eda \u00abweltbelt\u00bb o correa h\u00fameda donde la correa siempre est\u00e1 en contacto con el aceite del motor. Este \u00fatil permite medir r\u00e1pidamente cualquier degradaci\u00f3n de la correa.<\/p>\n[supsystic-tables id=591]\n","protected":false},"featured_media":26271,"template":"","meta":[],"product_cat":[278,259],"product_tag":[],"acf":[],"aioseo_notices":[],"_links":{"self":[{"href":"https:\/\/toolhub.es\/es\/wp-json\/wp\/v2\/product\/21755"}],"collection":[{"href":"https:\/\/toolhub.es\/es\/wp-json\/wp\/v2\/product"}],"about":[{"href":"https:\/\/toolhub.es\/es\/wp-json\/wp\/v2\/types\/product"}],"wp:featuredmedia":[{"embeddable":true,"href":"https:\/\/toolhub.es\/es\/wp-json\/wp\/v2\/media\/26271"}],"wp:attachment":[{"href":"https:\/\/toolhub.es\/es\/wp-json\/wp\/v2\/media?parent=21755"}],"wp:term":[{"taxonomy":"product_cat","embeddable":true,"href":"https:\/\/toolhub.es\/es\/wp-json\/wp\/v2\/product_cat?post=21755"},{"taxonomy":"product_tag","embeddable":true,"href":"https:\/\/toolhub.es\/es\/wp-json\/wp\/v2\/product_tag?post=21755"}],"curies":[{"name":"wp","href":"https:\/\/api.w.org\/{rel}","templated":true}]}}