{"id":21934,"date":"2023-03-21T09:35:31","date_gmt":"2023-03-21T09:35:31","guid":{"rendered":"https:\/\/toolhub.es\/producto\/bloqueador-de-bomba-diesel-vag-2-7-3-0-tdi\/"},"modified":"2024-12-26T09:58:35","modified_gmt":"2024-12-26T09:58:35","slug":"bloqueador-de-bomba-diesel-vag-2-7-3-0-tdi","status":"publish","type":"product","link":"https:\/\/toolhub.es\/es\/producto\/bloqueador-de-bomba-diesel-vag-2-7-3-0-tdi\/","title":{"rendered":"BLOQUEADOR DE BOMBA DIESEL, VAG 2.7 &#038; 3.0 TDI"},"content":{"rendered":"","protected":false},"excerpt":{"rendered":"<p>Juego de herramientas especiales para bloquear la bomba de combustible di\u00e9sel en su posici\u00f3n sincronizada para permitir la extracci\u00f3n segura de la correa de transmisi\u00f3n o verificar la<br \/>\nsincronizaci\u00f3n de la bomba di\u00e9sel.<\/p>\n<p>[supsystic-tables id=389]<br \/>\n[supsystic-tables id=390]<\/p>\n","protected":false},"featured_media":26390,"template":"","meta":[],"product_cat":[278],"product_tag":[],"acf":[],"aioseo_notices":[],"_links":{"self":[{"href":"https:\/\/toolhub.es\/es\/wp-json\/wp\/v2\/product\/21934"}],"collection":[{"href":"https:\/\/toolhub.es\/es\/wp-json\/wp\/v2\/product"}],"about":[{"href":"https:\/\/toolhub.es\/es\/wp-json\/wp\/v2\/types\/product"}],"wp:featuredmedia":[{"embeddable":true,"href":"https:\/\/toolhub.es\/es\/wp-json\/wp\/v2\/media\/26390"}],"wp:attachment":[{"href":"https:\/\/toolhub.es\/es\/wp-json\/wp\/v2\/media?parent=21934"}],"wp:term":[{"taxonomy":"product_cat","embeddable":true,"href":"https:\/\/toolhub.es\/es\/wp-json\/wp\/v2\/product_cat?post=21934"},{"taxonomy":"product_tag","embeddable":true,"href":"https:\/\/toolhub.es\/es\/wp-json\/wp\/v2\/product_tag?post=21934"}],"curies":[{"name":"wp","href":"https:\/\/api.w.org\/{rel}","templated":true}]}}