{"id":21940,"date":"2023-03-21T09:35:31","date_gmt":"2023-03-21T09:35:31","guid":{"rendered":"https:\/\/toolhub.es\/producto\/comprobador-de-fugas-de-culata\/"},"modified":"2024-12-26T09:58:42","modified_gmt":"2024-12-26T09:58:42","slug":"comprobador-de-fugas-de-culata","status":"publish","type":"product","link":"https:\/\/toolhub.es\/es\/producto\/comprobador-de-fugas-de-culata\/","title":{"rendered":"COMPROBADOR DE FUGAS DE CULATA"},"content":{"rendered":"","protected":false},"excerpt":{"rendered":"<p>Dise\u00f1ado para verificar que en el circuito de refrigeraci\u00f3n no haya gases de escape esto implicar\u00eda que hay una fuga en la culata.<br \/>\nSu utilizaci\u00f3n es tan simple que basta con colocar el comprobador con l\u00edquido, tener a temperatura el motor y absorver el aire que se encuentra en el vaso de expansi\u00f3n.<br \/>\nSi este mismo cambia de color implicar\u00eda que hay una fuga.<\/p>\n<p><strong>Incluye <\/strong>L\u00edquido control de Co2<\/p>\n<p>L\u00edquido de repuesto <strong><a href=\"https:\/\/toolhub.es\/producto\/liquido-de-repuesto-toolhub-ref-7230-250ml\/\" title=\"LIQUIDO DE REPUESTO\">Ref.7232<\/a><\/strong><\/p>\n","protected":false},"featured_media":26396,"template":"","meta":[],"product_cat":[259],"product_tag":[],"acf":[],"aioseo_notices":[],"_links":{"self":[{"href":"https:\/\/toolhub.es\/es\/wp-json\/wp\/v2\/product\/21940"}],"collection":[{"href":"https:\/\/toolhub.es\/es\/wp-json\/wp\/v2\/product"}],"about":[{"href":"https:\/\/toolhub.es\/es\/wp-json\/wp\/v2\/types\/product"}],"wp:featuredmedia":[{"embeddable":true,"href":"https:\/\/toolhub.es\/es\/wp-json\/wp\/v2\/media\/26396"}],"wp:attachment":[{"href":"https:\/\/toolhub.es\/es\/wp-json\/wp\/v2\/media?parent=21940"}],"wp:term":[{"taxonomy":"product_cat","embeddable":true,"href":"https:\/\/toolhub.es\/es\/wp-json\/wp\/v2\/product_cat?post=21940"},{"taxonomy":"product_tag","embeddable":true,"href":"https:\/\/toolhub.es\/es\/wp-json\/wp\/v2\/product_tag?post=21940"}],"curies":[{"name":"wp","href":"https:\/\/api.w.org\/{rel}","templated":true}]}}