{"id":21965,"date":"2023-03-22T09:35:54","date_gmt":"2023-03-22T09:35:54","guid":{"rendered":"https:\/\/toolhub.es\/producto\/instalador-de-e-clips\/"},"modified":"2024-12-26T09:59:11","modified_gmt":"2024-12-26T09:59:11","slug":"instalador-de-e-clips","status":"publish","type":"product","link":"https:\/\/toolhub.es\/es\/producto\/instalador-de-e-clips\/","title":{"rendered":"INSTALADOR DE E-CLIPS"},"content":{"rendered":"","protected":false},"excerpt":{"rendered":"<p>Esta herraienta cuenta con un soporte magn\u00e9tico para clips, lo que garantiza una instalaci\u00f3n f\u00e1cil y segura de los clips E y C.<\/p>\n","protected":false},"featured_media":26416,"template":"","meta":[],"product_cat":[285,286],"product_tag":[],"acf":[],"aioseo_notices":[],"_links":{"self":[{"href":"https:\/\/toolhub.es\/es\/wp-json\/wp\/v2\/product\/21965"}],"collection":[{"href":"https:\/\/toolhub.es\/es\/wp-json\/wp\/v2\/product"}],"about":[{"href":"https:\/\/toolhub.es\/es\/wp-json\/wp\/v2\/types\/product"}],"wp:featuredmedia":[{"embeddable":true,"href":"https:\/\/toolhub.es\/es\/wp-json\/wp\/v2\/media\/26416"}],"wp:attachment":[{"href":"https:\/\/toolhub.es\/es\/wp-json\/wp\/v2\/media?parent=21965"}],"wp:term":[{"taxonomy":"product_cat","embeddable":true,"href":"https:\/\/toolhub.es\/es\/wp-json\/wp\/v2\/product_cat?post=21965"},{"taxonomy":"product_tag","embeddable":true,"href":"https:\/\/toolhub.es\/es\/wp-json\/wp\/v2\/product_tag?post=21965"}],"curies":[{"name":"wp","href":"https:\/\/api.w.org\/{rel}","templated":true}]}}