{"id":21969,"date":"2023-03-22T09:36:10","date_gmt":"2023-03-22T09:36:10","guid":{"rendered":"https:\/\/toolhub.es\/producto\/rascador-de-culata-hojas-de-bronce-y-acero\/"},"modified":"2024-12-26T09:59:14","modified_gmt":"2024-12-26T09:59:14","slug":"rascador-de-culata-hojas-de-bronce-y-acero","status":"publish","type":"product","link":"https:\/\/toolhub.es\/es\/producto\/rascador-de-culata-hojas-de-bronce-y-acero\/","title":{"rendered":"RASCADOR DE CULATA HOJAS DE LATON Y ACERO"},"content":{"rendered":"","protected":false},"excerpt":{"rendered":"<p>\u2022 Herramienta fundamental para remover juntas y suciedad de los sellos de culatas o tapa de balancines.<br \/>\n\u2022 Suministrado con dos cuchillas Lat\u00f3n y Acero.<br \/>\n\u2022 Cuchilla de Acero para eliminar juntas y suciedad m\u00e1s resistente no apto para bloques de aluminio.<br \/>\n\u2022 Cuchilla de Bronce dise\u00f1ada para eliminar el pegamento de la junta y suciedad que no ha podido ser quitada con la de acero.<br \/>\n\u2022 Apta para bloques de aluminio.<br \/>\n\u2022 Dise\u00f1o angular y corto para tener una mayor precisi\u00f3n y no da\u00f1ar el bloque.<br \/>\n\u2022 Importancia del \u00e1ngulo para evitar formar surcos en el bloque o que se nos resbale.<br \/>\n\u2022 Empu\u00f1adura ergon\u00f3mica con almacenamiento para las cuchillas.<\/p>\n","protected":false},"featured_media":26420,"template":"","meta":[],"product_cat":[259,286],"product_tag":[],"acf":[],"aioseo_notices":[],"_links":{"self":[{"href":"https:\/\/toolhub.es\/es\/wp-json\/wp\/v2\/product\/21969"}],"collection":[{"href":"https:\/\/toolhub.es\/es\/wp-json\/wp\/v2\/product"}],"about":[{"href":"https:\/\/toolhub.es\/es\/wp-json\/wp\/v2\/types\/product"}],"wp:featuredmedia":[{"embeddable":true,"href":"https:\/\/toolhub.es\/es\/wp-json\/wp\/v2\/media\/26420"}],"wp:attachment":[{"href":"https:\/\/toolhub.es\/es\/wp-json\/wp\/v2\/media?parent=21969"}],"wp:term":[{"taxonomy":"product_cat","embeddable":true,"href":"https:\/\/toolhub.es\/es\/wp-json\/wp\/v2\/product_cat?post=21969"},{"taxonomy":"product_tag","embeddable":true,"href":"https:\/\/toolhub.es\/es\/wp-json\/wp\/v2\/product_tag?post=21969"}],"curies":[{"name":"wp","href":"https:\/\/api.w.org\/{rel}","templated":true}]}}