{"id":21975,"date":"2023-03-30T17:36:10","date_gmt":"2023-03-30T17:36:10","guid":{"rendered":"https:\/\/toolhub.es\/producto\/kit-calado-gasolina-psa-opel-1-0-1-2-puretech\/"},"modified":"2024-12-26T09:59:21","modified_gmt":"2024-12-26T09:59:21","slug":"kit-calado-gasolina-psa-opel-1-0-1-2-puretech","status":"publish","type":"product","link":"https:\/\/toolhub.es\/es\/producto\/kit-calado-gasolina-psa-opel-1-0-1-2-puretech\/","title":{"rendered":"KIT CALADO GASOLINA &#8211; PSA \/ OPEL  1.2 PURETECH"},"content":{"rendered":"","protected":false},"excerpt":{"rendered":"<p>Dise\u00f1ado para los \u00faltimos modelos de los motores EB2 turbo alimentados donde la alineaci\u00f3n de levas se puede acceder quitando la cubierta de pl\u00e1stico de los \u00e1rboles de levas<\/p>\n","protected":false},"featured_media":26433,"template":"","meta":[],"product_cat":[278],"product_tag":[],"acf":[],"aioseo_notices":[],"_links":{"self":[{"href":"https:\/\/toolhub.es\/es\/wp-json\/wp\/v2\/product\/21975"}],"collection":[{"href":"https:\/\/toolhub.es\/es\/wp-json\/wp\/v2\/product"}],"about":[{"href":"https:\/\/toolhub.es\/es\/wp-json\/wp\/v2\/types\/product"}],"wp:featuredmedia":[{"embeddable":true,"href":"https:\/\/toolhub.es\/es\/wp-json\/wp\/v2\/media\/26433"}],"wp:attachment":[{"href":"https:\/\/toolhub.es\/es\/wp-json\/wp\/v2\/media?parent=21975"}],"wp:term":[{"taxonomy":"product_cat","embeddable":true,"href":"https:\/\/toolhub.es\/es\/wp-json\/wp\/v2\/product_cat?post=21975"},{"taxonomy":"product_tag","embeddable":true,"href":"https:\/\/toolhub.es\/es\/wp-json\/wp\/v2\/product_tag?post=21975"}],"curies":[{"name":"wp","href":"https:\/\/api.w.org\/{rel}","templated":true}]}}