{"id":21976,"date":"2023-03-21T09:36:10","date_gmt":"2023-03-21T09:36:10","guid":{"rendered":"https:\/\/toolhub.es\/producto\/kit-multiplicador-de-torque-para-polea-de-ciguenal-ford-ecoboost\/"},"modified":"2024-12-26T09:59:23","modified_gmt":"2024-12-26T09:59:23","slug":"kit-multiplicador-de-torque-para-polea-de-ciguenal-ford-ecoboost","status":"publish","type":"product","link":"https:\/\/toolhub.es\/es\/producto\/kit-multiplicador-de-torque-para-polea-de-ciguenal-ford-ecoboost\/","title":{"rendered":"KIT MULTIPLICADOR DE TORQUE PARA POLEA DE CIG\u00dcE\u00d1AL &#8211; FORD ECOBOOST"},"content":{"rendered":"","protected":false},"excerpt":{"rendered":"<p>Multiplicador de par 5:1 para extraer e instalar la polea del cig\u00fce\u00f1al con el torque recomendado por el fabricante y as\u00ed evitar da\u00f1os en el motor.<\/p>\n<p>[supsystic-tables id=593]<br \/>\n[supsystic-tables id=594]<\/p>\n","protected":false},"featured_media":26434,"template":"","meta":[],"product_cat":[278],"product_tag":[],"acf":[],"aioseo_notices":[],"_links":{"self":[{"href":"https:\/\/toolhub.es\/es\/wp-json\/wp\/v2\/product\/21976"}],"collection":[{"href":"https:\/\/toolhub.es\/es\/wp-json\/wp\/v2\/product"}],"about":[{"href":"https:\/\/toolhub.es\/es\/wp-json\/wp\/v2\/types\/product"}],"wp:featuredmedia":[{"embeddable":true,"href":"https:\/\/toolhub.es\/es\/wp-json\/wp\/v2\/media\/26434"}],"wp:attachment":[{"href":"https:\/\/toolhub.es\/es\/wp-json\/wp\/v2\/media?parent=21976"}],"wp:term":[{"taxonomy":"product_cat","embeddable":true,"href":"https:\/\/toolhub.es\/es\/wp-json\/wp\/v2\/product_cat?post=21976"},{"taxonomy":"product_tag","embeddable":true,"href":"https:\/\/toolhub.es\/es\/wp-json\/wp\/v2\/product_tag?post=21976"}],"curies":[{"name":"wp","href":"https:\/\/api.w.org\/{rel}","templated":true}]}}