{"id":22114,"date":"2023-03-21T09:37:46","date_gmt":"2023-03-21T09:37:46","guid":{"rendered":"https:\/\/toolhub.es\/producto\/extractor-de-polea-de-ciguenal-ford-2-0-tdci\/"},"modified":"2024-12-26T10:00:46","modified_gmt":"2024-12-26T10:00:46","slug":"extractor-de-polea-de-ciguenal-ford-2-0-tdci","status":"publish","type":"product","link":"https:\/\/toolhub.es\/es\/producto\/extractor-de-polea-de-ciguenal-ford-2-0-tdci\/","title":{"rendered":"EXTRACTOR DE POLEA DE CIG?E?AL &#8211; FORD 2.0 TDCI"},"content":{"rendered":"","protected":false},"excerpt":{"rendered":"<p>Para el ultimo dise\u00f1o de motor 2.0 Diesel Ecoblue de Ford que utiliza el sistema de corea de distribuci\u00f3n h\u00fameda que mantiene la correa lubricada con el aceite del motor<\/p>\n<p><strong>Aplicaciones:<\/strong><br \/>\nFord Edge, Focus, Galaxy, Kuga, Mondeo, Ranger, Tourneo Custom, Transit y Transit Custom.<\/p>\n<p><strong>A\u00f1o<\/strong> 2016 &#8211; 2021<\/p>\n","protected":false},"featured_media":26490,"template":"","meta":[],"product_cat":[278],"product_tag":[],"acf":[],"aioseo_notices":[],"_links":{"self":[{"href":"https:\/\/toolhub.es\/es\/wp-json\/wp\/v2\/product\/22114"}],"collection":[{"href":"https:\/\/toolhub.es\/es\/wp-json\/wp\/v2\/product"}],"about":[{"href":"https:\/\/toolhub.es\/es\/wp-json\/wp\/v2\/types\/product"}],"wp:featuredmedia":[{"embeddable":true,"href":"https:\/\/toolhub.es\/es\/wp-json\/wp\/v2\/media\/26490"}],"wp:attachment":[{"href":"https:\/\/toolhub.es\/es\/wp-json\/wp\/v2\/media?parent=22114"}],"wp:term":[{"taxonomy":"product_cat","embeddable":true,"href":"https:\/\/toolhub.es\/es\/wp-json\/wp\/v2\/product_cat?post=22114"},{"taxonomy":"product_tag","embeddable":true,"href":"https:\/\/toolhub.es\/es\/wp-json\/wp\/v2\/product_tag?post=22114"}],"curies":[{"name":"wp","href":"https:\/\/api.w.org\/{rel}","templated":true}]}}