{"id":22115,"date":"2023-03-21T09:37:46","date_gmt":"2023-03-21T09:37:46","guid":{"rendered":"https:\/\/toolhub.es\/producto\/llave-para-sujetar-ciguenal-ford-duratorq\/"},"modified":"2024-12-26T10:00:47","modified_gmt":"2024-12-26T10:00:47","slug":"llave-para-sujetar-ciguenal-ford-duratorq","status":"publish","type":"product","link":"https:\/\/toolhub.es\/es\/producto\/llave-para-sujetar-ciguenal-ford-duratorq\/","title":{"rendered":"LLAVE PARA SUJETAR CIG?E?AL &#8211; FORD DURATORQ"},"content":{"rendered":"","protected":false},"excerpt":{"rendered":"<p>Para el ultimo dise\u00f1o de motor 2.0 Diesel Ecoblue de Ford que utiliza el sistema de corea de distribuci\u00f3n h\u00fameda que mantiene la correa lubricada con el aceite del motor<\/p>\n<p><strong>Aplicaciones:<\/strong><br \/>\nFord Edge, Focus, Galaxy, Kuga, Mondeo, Ranger, Tourneo Custom, Transit y Transit Custom.<\/p>\n<p><strong>A\u00f1o<\/strong> 2016 &#8211; 2021<\/p>\n","protected":false},"featured_media":26491,"template":"","meta":[],"product_cat":[278],"product_tag":[],"acf":[],"aioseo_notices":[],"_links":{"self":[{"href":"https:\/\/toolhub.es\/es\/wp-json\/wp\/v2\/product\/22115"}],"collection":[{"href":"https:\/\/toolhub.es\/es\/wp-json\/wp\/v2\/product"}],"about":[{"href":"https:\/\/toolhub.es\/es\/wp-json\/wp\/v2\/types\/product"}],"wp:featuredmedia":[{"embeddable":true,"href":"https:\/\/toolhub.es\/es\/wp-json\/wp\/v2\/media\/26491"}],"wp:attachment":[{"href":"https:\/\/toolhub.es\/es\/wp-json\/wp\/v2\/media?parent=22115"}],"wp:term":[{"taxonomy":"product_cat","embeddable":true,"href":"https:\/\/toolhub.es\/es\/wp-json\/wp\/v2\/product_cat?post=22115"},{"taxonomy":"product_tag","embeddable":true,"href":"https:\/\/toolhub.es\/es\/wp-json\/wp\/v2\/product_tag?post=22115"}],"curies":[{"name":"wp","href":"https:\/\/api.w.org\/{rel}","templated":true}]}}