{"id":22121,"date":"2023-03-21T09:37:46","date_gmt":"2023-03-21T09:37:46","guid":{"rendered":"https:\/\/toolhub.es\/producto\/conjunto-reglaje-de-motores-mercedes-m271\/"},"modified":"2024-12-26T10:00:54","modified_gmt":"2024-12-26T10:00:54","slug":"conjunto-reglaje-de-motores-mercedes-m271","status":"publish","type":"product","link":"https:\/\/toolhub.es\/es\/producto\/conjunto-reglaje-de-motores-mercedes-m271\/","title":{"rendered":"CONJUNTO REGLAJE DE MOTORES &#8211; MERCEDES M271"},"content":{"rendered":"","protected":false},"excerpt":{"rendered":"<p>Para motores Mercedes de gasolina 1.8 montados entre 2002 y 2018. Contiene la herramienta de sujeci\u00f3n del \u00e1rbol de levas, el puente de retenci\u00f3n de la cadena, la cu\u00f1a el tensor, el mandril para el tensor y una llave para ellos ajustadores de los arboles de levas.<\/p>\n<p><strong>Aplicaciones<\/strong><br \/>\nMercedes C, CLK, CLS, E, SLK, Sprinter.<\/p>\n<p><strong>Motores <\/strong><br \/>\n1.6 y 1.8.<\/p>\n<p><strong>A\u00f1o <\/strong>2002 &#8211; 2018.<\/p>\n","protected":false},"featured_media":26497,"template":"","meta":[],"product_cat":[278],"product_tag":[],"acf":[],"aioseo_notices":[],"_links":{"self":[{"href":"https:\/\/toolhub.es\/es\/wp-json\/wp\/v2\/product\/22121"}],"collection":[{"href":"https:\/\/toolhub.es\/es\/wp-json\/wp\/v2\/product"}],"about":[{"href":"https:\/\/toolhub.es\/es\/wp-json\/wp\/v2\/types\/product"}],"wp:featuredmedia":[{"embeddable":true,"href":"https:\/\/toolhub.es\/es\/wp-json\/wp\/v2\/media\/26497"}],"wp:attachment":[{"href":"https:\/\/toolhub.es\/es\/wp-json\/wp\/v2\/media?parent=22121"}],"wp:term":[{"taxonomy":"product_cat","embeddable":true,"href":"https:\/\/toolhub.es\/es\/wp-json\/wp\/v2\/product_cat?post=22121"},{"taxonomy":"product_tag","embeddable":true,"href":"https:\/\/toolhub.es\/es\/wp-json\/wp\/v2\/product_tag?post=22121"}],"curies":[{"name":"wp","href":"https:\/\/api.w.org\/{rel}","templated":true}]}}