{"id":22136,"date":"2023-03-21T09:38:10","date_gmt":"2023-03-21T09:38:10","guid":{"rendered":"https:\/\/toolhub.es\/producto\/estetoscopio-electronico\/"},"modified":"2024-12-26T10:01:17","modified_gmt":"2024-12-26T10:01:17","slug":"estetoscopio-electronico","status":"publish","type":"product","link":"https:\/\/toolhub.es\/es\/producto\/estetoscopio-electronico\/","title":{"rendered":"ESTETOSCOPIO ELECTRONICO"},"content":{"rendered":"","protected":false},"excerpt":{"rendered":"<p>Permite escuchar y comparar hasta 6 zonas diferentes al mismo tiempo. Al llevar cables de 6 metros podemos comparar la salida de escape, el silenciador y la admisi\u00f3n desde el cap\u00f3.<\/p>\n<p>Ofrece la m\u00e1xima sensibilidad al ruido con amplificador regulable de alta potencia.<br \/>\nIncluye sonda de comprobaci\u00f3n y 6 probadores con pinza y cable de 5 metros.<br \/>\nEl selector de pinza permite conmutar entre las 6 entradas, y permite comparar y detectar con facilidad problemas de mec\u00e1nica en motor, transmisi\u00f3n, admisi\u00f3n, escape, inyectores, radiadores, v\u00e1lvulas y tanques de combustible.<br \/>\nAuriculares grandes, ofrecen la m\u00e1xima comodidad con cable de 2 metros<\/p>\n","protected":false},"featured_media":26513,"template":"","meta":[],"product_cat":[259],"product_tag":[],"acf":[],"aioseo_notices":[],"_links":{"self":[{"href":"https:\/\/toolhub.es\/es\/wp-json\/wp\/v2\/product\/22136"}],"collection":[{"href":"https:\/\/toolhub.es\/es\/wp-json\/wp\/v2\/product"}],"about":[{"href":"https:\/\/toolhub.es\/es\/wp-json\/wp\/v2\/types\/product"}],"wp:featuredmedia":[{"embeddable":true,"href":"https:\/\/toolhub.es\/es\/wp-json\/wp\/v2\/media\/26513"}],"wp:attachment":[{"href":"https:\/\/toolhub.es\/es\/wp-json\/wp\/v2\/media?parent=22136"}],"wp:term":[{"taxonomy":"product_cat","embeddable":true,"href":"https:\/\/toolhub.es\/es\/wp-json\/wp\/v2\/product_cat?post=22136"},{"taxonomy":"product_tag","embeddable":true,"href":"https:\/\/toolhub.es\/es\/wp-json\/wp\/v2\/product_tag?post=22136"}],"curies":[{"name":"wp","href":"https:\/\/api.w.org\/{rel}","templated":true}]}}