{"id":22143,"date":"2023-03-21T09:38:10","date_gmt":"2023-03-21T09:38:10","guid":{"rendered":"https:\/\/toolhub.es\/producto\/alicate-para-prensar-el-muelle-del-cable-de-freno-de-mano\/"},"modified":"2024-12-26T10:01:29","modified_gmt":"2024-12-26T10:01:29","slug":"alicate-para-prensar-el-muelle-del-cable-de-freno-de-mano","status":"publish","type":"product","link":"https:\/\/toolhub.es\/es\/producto\/alicate-para-prensar-el-muelle-del-cable-de-freno-de-mano\/","title":{"rendered":"ALICATE PARA PRENSAR EL MUELLE DEL CABLE DE FRENO DE MANO"},"content":{"rendered":"","protected":false},"excerpt":{"rendered":"<p>Permite la r\u00e1pida y f\u00e1cil extracci\u00f3n e instalaci\u00f3n del cable del freno de mano mediante la compresi\u00f3n del muelle de retenci\u00f3n<\/p>\n","protected":false},"featured_media":26520,"template":"","meta":[],"product_cat":[274],"product_tag":[],"acf":[],"aioseo_notices":[],"_links":{"self":[{"href":"https:\/\/toolhub.es\/es\/wp-json\/wp\/v2\/product\/22143"}],"collection":[{"href":"https:\/\/toolhub.es\/es\/wp-json\/wp\/v2\/product"}],"about":[{"href":"https:\/\/toolhub.es\/es\/wp-json\/wp\/v2\/types\/product"}],"wp:featuredmedia":[{"embeddable":true,"href":"https:\/\/toolhub.es\/es\/wp-json\/wp\/v2\/media\/26520"}],"wp:attachment":[{"href":"https:\/\/toolhub.es\/es\/wp-json\/wp\/v2\/media?parent=22143"}],"wp:term":[{"taxonomy":"product_cat","embeddable":true,"href":"https:\/\/toolhub.es\/es\/wp-json\/wp\/v2\/product_cat?post=22143"},{"taxonomy":"product_tag","embeddable":true,"href":"https:\/\/toolhub.es\/es\/wp-json\/wp\/v2\/product_tag?post=22143"}],"curies":[{"name":"wp","href":"https:\/\/api.w.org\/{rel}","templated":true}]}}