{"id":22153,"date":"2023-03-21T09:38:33","date_gmt":"2023-03-21T09:38:33","guid":{"rendered":"https:\/\/toolhub.es\/producto\/extractor-de-polea-de-bomba-diesel-vag-1-4-1-6-2-0-tdi\/"},"modified":"2024-12-26T10:01:39","modified_gmt":"2024-12-26T10:01:39","slug":"extractor-de-polea-de-bomba-diesel-vag-1-4-1-6-2-0-tdi","status":"publish","type":"product","link":"https:\/\/toolhub.es\/es\/producto\/extractor-de-polea-de-bomba-diesel-vag-1-4-1-6-2-0-tdi\/","title":{"rendered":"EXTRACTOR DE POLEA DE BOMBA DIESEL &#8211; VAG 1.4 \/ 1.6 \/ 2.0 TDI"},"content":{"rendered":"","protected":false},"excerpt":{"rendered":"<p>Se utiliza para retirar el pi\u00f1\u00f3n de la bomba de combustible de alta presi\u00f3n en el motor diesel.<\/p>\n[supsystic-tables id=188]\n","protected":false},"featured_media":26529,"template":"","meta":[],"product_cat":[278],"product_tag":[],"acf":[],"aioseo_notices":[],"_links":{"self":[{"href":"https:\/\/toolhub.es\/es\/wp-json\/wp\/v2\/product\/22153"}],"collection":[{"href":"https:\/\/toolhub.es\/es\/wp-json\/wp\/v2\/product"}],"about":[{"href":"https:\/\/toolhub.es\/es\/wp-json\/wp\/v2\/types\/product"}],"wp:featuredmedia":[{"embeddable":true,"href":"https:\/\/toolhub.es\/es\/wp-json\/wp\/v2\/media\/26529"}],"wp:attachment":[{"href":"https:\/\/toolhub.es\/es\/wp-json\/wp\/v2\/media?parent=22153"}],"wp:term":[{"taxonomy":"product_cat","embeddable":true,"href":"https:\/\/toolhub.es\/es\/wp-json\/wp\/v2\/product_cat?post=22153"},{"taxonomy":"product_tag","embeddable":true,"href":"https:\/\/toolhub.es\/es\/wp-json\/wp\/v2\/product_tag?post=22153"}],"curies":[{"name":"wp","href":"https:\/\/api.w.org\/{rel}","templated":true}]}}