{"id":22166,"date":"2023-03-21T09:38:33","date_gmt":"2023-03-21T09:38:33","guid":{"rendered":"https:\/\/toolhub.es\/producto\/vaso-para-rotar-arbol-de-levas-vag-1-8-2-0-tfsi-gen-iii\/"},"modified":"2024-12-26T10:01:58","modified_gmt":"2024-12-26T10:01:58","slug":"vaso-para-rotar-arbol-de-levas-vag-1-8-2-0-tfsi-gen-iii","status":"publish","type":"product","link":"https:\/\/toolhub.es\/es\/producto\/vaso-para-rotar-arbol-de-levas-vag-1-8-2-0-tfsi-gen-iii\/","title":{"rendered":"VASO PARA ROTAR ARBOL DE LEVAS &#8211; VAG 1.8 &#038; 2.0 TFSI (GEN III)"},"content":{"rendered":"","protected":false},"excerpt":{"rendered":"<p>Vaso para ajustar los ajustadores de \u00e1rbol de levas de los motores de generaci\u00f3n III 1.8 y 2.0 FSi. Valido para motores a partir de 2016 aproximadamente que tienen un perfil de ajustador de \u00e1rbol de levas diferente.<\/p>\n<p><strong>Aplicaciones:<\/strong><br \/>\nAudi A1 Sportback, A3, A4, A5, A6, TT.<br \/>\nVW Tiguan, T-Roc.<\/p>\n<p><strong>A\u00f1o <\/strong>2015 &#8211; 2021<\/p>\n","protected":false},"featured_media":26542,"template":"","meta":[],"product_cat":[278],"product_tag":[],"acf":[],"aioseo_notices":[],"_links":{"self":[{"href":"https:\/\/toolhub.es\/es\/wp-json\/wp\/v2\/product\/22166"}],"collection":[{"href":"https:\/\/toolhub.es\/es\/wp-json\/wp\/v2\/product"}],"about":[{"href":"https:\/\/toolhub.es\/es\/wp-json\/wp\/v2\/types\/product"}],"wp:featuredmedia":[{"embeddable":true,"href":"https:\/\/toolhub.es\/es\/wp-json\/wp\/v2\/media\/26542"}],"wp:attachment":[{"href":"https:\/\/toolhub.es\/es\/wp-json\/wp\/v2\/media?parent=22166"}],"wp:term":[{"taxonomy":"product_cat","embeddable":true,"href":"https:\/\/toolhub.es\/es\/wp-json\/wp\/v2\/product_cat?post=22166"},{"taxonomy":"product_tag","embeddable":true,"href":"https:\/\/toolhub.es\/es\/wp-json\/wp\/v2\/product_tag?post=22166"}],"curies":[{"name":"wp","href":"https:\/\/api.w.org\/{rel}","templated":true}]}}