{"id":22167,"date":"2023-03-21T09:38:56","date_gmt":"2023-03-21T09:38:56","guid":{"rendered":"https:\/\/toolhub.es\/producto\/juego-de-vasos-para-extraer-electrodos-de-calentadores-6pzs\/"},"modified":"2024-12-26T10:01:59","modified_gmt":"2024-12-26T10:01:59","slug":"juego-de-vasos-para-extraer-electrodos-de-calentadores-6pzs","status":"publish","type":"product","link":"https:\/\/toolhub.es\/es\/producto\/juego-de-vasos-para-extraer-electrodos-de-calentadores-6pzs\/","title":{"rendered":"JUEGO DE VASOS PARA EXTRAER ELECTRODOS DE CALENTADORES,  6PZS"},"content":{"rendered":"","protected":false},"excerpt":{"rendered":"<p>Vasos especiales que permitan romper el electrodo interno para dejar una superficie lo m\u00e1s plana posible y facilitar la perforaci\u00f3n antes de la extracci\u00f3n del calentador.<\/p>\n[supsystic-tables id=146]\n","protected":false},"featured_media":26543,"template":"","meta":[],"product_cat":[259],"product_tag":[],"acf":[],"aioseo_notices":[],"_links":{"self":[{"href":"https:\/\/toolhub.es\/es\/wp-json\/wp\/v2\/product\/22167"}],"collection":[{"href":"https:\/\/toolhub.es\/es\/wp-json\/wp\/v2\/product"}],"about":[{"href":"https:\/\/toolhub.es\/es\/wp-json\/wp\/v2\/types\/product"}],"wp:featuredmedia":[{"embeddable":true,"href":"https:\/\/toolhub.es\/es\/wp-json\/wp\/v2\/media\/26543"}],"wp:attachment":[{"href":"https:\/\/toolhub.es\/es\/wp-json\/wp\/v2\/media?parent=22167"}],"wp:term":[{"taxonomy":"product_cat","embeddable":true,"href":"https:\/\/toolhub.es\/es\/wp-json\/wp\/v2\/product_cat?post=22167"},{"taxonomy":"product_tag","embeddable":true,"href":"https:\/\/toolhub.es\/es\/wp-json\/wp\/v2\/product_tag?post=22167"}],"curies":[{"name":"wp","href":"https:\/\/api.w.org\/{rel}","templated":true}]}}