{"id":22423,"date":"2023-07-26T15:31:50","date_gmt":"2023-07-26T15:31:50","guid":{"rendered":"https:\/\/toolhub.es\/?post_type=product&#038;p=22423"},"modified":"2024-12-26T10:02:30","modified_gmt":"2024-12-26T10:02:30","slug":"instalador-de-reten-de-ciguenal-delantero-vag-4-tdi","status":"publish","type":"product","link":"https:\/\/toolhub.es\/es\/producto\/instalador-de-reten-de-ciguenal-delantero-vag-4-tdi\/","title":{"rendered":"INSTALADOR DE RETEN DE CIG?E?AL DELANTERO &#8211; VAG 4.0 TDI"},"content":{"rendered":"","protected":false},"excerpt":{"rendered":"<p>Dise\u00f1ada para instalar el ret\u00e9n de cig\u00fce\u00f1al<br \/>\n[supsystic-tables id=384]<br \/>\n[supsystic-tables id=385]<\/p>\n","protected":false},"featured_media":26564,"template":"","meta":[],"product_cat":[278,286],"product_tag":[],"acf":[],"aioseo_notices":[],"_links":{"self":[{"href":"https:\/\/toolhub.es\/es\/wp-json\/wp\/v2\/product\/22423"}],"collection":[{"href":"https:\/\/toolhub.es\/es\/wp-json\/wp\/v2\/product"}],"about":[{"href":"https:\/\/toolhub.es\/es\/wp-json\/wp\/v2\/types\/product"}],"wp:featuredmedia":[{"embeddable":true,"href":"https:\/\/toolhub.es\/es\/wp-json\/wp\/v2\/media\/26564"}],"wp:attachment":[{"href":"https:\/\/toolhub.es\/es\/wp-json\/wp\/v2\/media?parent=22423"}],"wp:term":[{"taxonomy":"product_cat","embeddable":true,"href":"https:\/\/toolhub.es\/es\/wp-json\/wp\/v2\/product_cat?post=22423"},{"taxonomy":"product_tag","embeddable":true,"href":"https:\/\/toolhub.es\/es\/wp-json\/wp\/v2\/product_tag?post=22423"}],"curies":[{"name":"wp","href":"https:\/\/api.w.org\/{rel}","templated":true}]}}